{"id":656,"date":"2019-02-21T16:57:53","date_gmt":"2019-02-21T15:57:53","guid":{"rendered":"https:\/\/seniorendomizil-rak.de\/Seniorendomizil\/?page_id=656"},"modified":"2023-06-28T11:07:46","modified_gmt":"2023-06-28T09:07:46","slug":"ambulante-pflege","status":"publish","type":"page","link":"https:\/\/seniorendomizil-rak.de\/Seniorendomizil\/ambulante-pflege\/","title":{"rendered":"ambulante Pflege"},"content":{"rendered":"<p>Unseren ambulanten Pflegedienst &#8222;Sozialstation Rak&#8220; finden Sie in der obersten Etage unserer Pflegeeinrichtung. Benutzen Sie bitte den Nebeneingang auf der Lagerstra\u00dfe. Dort finden Sie die Klingel und k\u00f6nnen auch gerne den Aufzug in die oberste Etage nutzen.<\/p>\n<p style=\"padding-left: 30px;\">Telefonisch zu erreichen Mo-Fr : <strong>0 24 27 &#8211; 90 96 97 8<\/strong><\/p>\n<p>&nbsp;<\/p>\n<p>Unser Angebot ist sehr vielf\u00e4ltig:<\/p>\n<p>Neben der t\u00e4glichen K\u00f6rperpflege, Grund- und Behandlungspflege, Medikamentengabe, etc.\u00a0bieten wir Ihnen auch hauswirtschaftliche Hilfestellung, wie Hausreinigung, Einkaufsdienst und Arztbegleitungen an.<\/p>\n<p>Unsere Pflegekr\u00e4fte stehen 24 Stunden f\u00fcr Sie in Bereitschaft, begleiten Sterbende, schulen pflegende Angeh\u00f6rige, unterst\u00fctzen Sie bei der Organisation und Handhabung von Pflegehilfsmitteln. Au\u00dferdem bieten wir Ihnen Pflegeberatung nach \u00a7 37.3 SGB XI (Beratung in der eigenen H\u00e4uslichkeit durch eine zugelassene Pflegeeinrichtung) an.<\/p>\n<p>&nbsp;<\/p>\n<p>Bei Interesse rufen Sie uns gerne an, wir beraten Sie vorzugsweise bei Ihnen zu Hause.<\/p>\n<p>&nbsp;<\/p>\n<p>Sie m\u00f6chten trotz aller F\u00fcrsorge nicht den ganzen Tag allein zu Hause sein und w\u00fcnschen sich Unterhaltung? Gerne bieten wir Ihnen einen Tag zur Probe in unserer <a href=\"https:\/\/seniorendomizil-rak.de\/tagespflege\/\">Tagespflege <\/a>an.<\/p>\n<p>&nbsp;<\/p>\n<p>Wussten Sie schon? Der Medizinische Dienst der Krankenkassen ist mit unserer Qualit\u00e4t sehr zufrieden:<\/p>\n<p style=\"text-align: center;\"><a href=\"https:\/\/seniorendomizil-rak.de\/wp-content\/uploads\/Pflegenote-Sozialstation-Rak-2019.jpg\"><img loading=\"lazy\" class=\"aligncenter size-medium wp-image-697\" src=\"https:\/\/seniorendomizil-rak.de\/wp-content\/uploads\/Pflegenote-Sozialstation-Rak-2019-424x300.jpg\" alt=\"\" width=\"424\" height=\"300\" srcset=\"https:\/\/seniorendomizil-rak.de\/wp-content\/uploads\/Pflegenote-Sozialstation-Rak-2019-424x300.jpg 424w, https:\/\/seniorendomizil-rak.de\/wp-content\/uploads\/Pflegenote-Sozialstation-Rak-2019-768x544.jpg 768w, https:\/\/seniorendomizil-rak.de\/wp-content\/uploads\/Pflegenote-Sozialstation-Rak-2019-1024x725.jpg 1024w, https:\/\/seniorendomizil-rak.de\/wp-content\/uploads\/Pflegenote-Sozialstation-Rak-2019-381x270.jpg 381w, https:\/\/seniorendomizil-rak.de\/wp-content\/uploads\/Pflegenote-Sozialstation-Rak-2019.jpg 1752w\" sizes=\"(max-width: 424px) 100vw, 424px\" \/><\/a><\/p>\n","protected":false},"excerpt":{"rendered":"<p>Unseren ambulanten Pflegedienst &#8222;Sozialstation Rak&#8220; finden Sie in der obersten Etage unserer Pflegeeinrichtung. Benutzen Sie bitte den Nebeneingang auf der Lagerstra\u00dfe. Dort finden Sie die Klingel und k\u00f6nnen auch gerne den Aufzug in die oberste Etage nutzen. Telefonisch zu erreichen Mo-Fr : 0 24 27 &#8211; 90 96 97 8 &nbsp; Unser Angebot ist sehr vielf\u00e4ltig: Neben der t\u00e4glichen K\u00f6rperpflege, Grund- und Behandlungspflege, Medikamentengabe, etc.\u00a0bieten wir Ihnen auch hauswirtschaftliche Hilfestellung, wie Hausreinigung, Einkaufsdienst und Arztbegleitungen an. Unsere Pflegekr\u00e4fte stehen 24&#8230;<\/p>\n<p class=\"read-more\"><a class=\"btn btn-default\" href=\"https:\/\/seniorendomizil-rak.de\/Seniorendomizil\/ambulante-pflege\/\">Weiterlesen<span class=\"screen-reader-text\"> Weiterlesen<\/span><\/a><\/p>\n","protected":false},"author":1,"featured_media":0,"parent":0,"menu_order":0,"comment_status":"closed","ping_status":"closed","template":"","meta":[],"_links":{"self":[{"href":"https:\/\/seniorendomizil-rak.de\/Seniorendomizil\/wp-json\/wp\/v2\/pages\/656"}],"collection":[{"href":"https:\/\/seniorendomizil-rak.de\/Seniorendomizil\/wp-json\/wp\/v2\/pages"}],"about":[{"href":"https:\/\/seniorendomizil-rak.de\/Seniorendomizil\/wp-json\/wp\/v2\/types\/page"}],"author":[{"embeddable":true,"href":"https:\/\/seniorendomizil-rak.de\/Seniorendomizil\/wp-json\/wp\/v2\/users\/1"}],"replies":[{"embeddable":true,"href":"https:\/\/seniorendomizil-rak.de\/Seniorendomizil\/wp-json\/wp\/v2\/comments?post=656"}],"version-history":[{"count":8,"href":"https:\/\/seniorendomizil-rak.de\/Seniorendomizil\/wp-json\/wp\/v2\/pages\/656\/revisions"}],"predecessor-version":[{"id":861,"href":"https:\/\/seniorendomizil-rak.de\/Seniorendomizil\/wp-json\/wp\/v2\/pages\/656\/revisions\/861"}],"wp:attachment":[{"href":"https:\/\/seniorendomizil-rak.de\/Seniorendomizil\/wp-json\/wp\/v2\/media?parent=656"}],"curies":[{"name":"wp","href":"https:\/\/api.w.org\/{rel}","templated":true}]}}