{"id":620,"date":"2018-05-25T15:52:56","date_gmt":"2018-05-25T13:52:56","guid":{"rendered":"https:\/\/seniorendomizil-rak.de\/Seniorendomizil\/?page_id=620"},"modified":"2018-05-25T15:52:56","modified_gmt":"2018-05-25T13:52:56","slug":"datenschutz","status":"publish","type":"page","link":"https:\/\/seniorendomizil-rak.de\/Seniorendomizil\/datenschutz\/","title":{"rendered":"Datenschutz"},"content":{"rendered":"<p>Datenschutz:<br \/>\nDer Schutz Ihrer personenbezogenen Daten ist uns ein gro\u00dfes Anliegen. Die Beachtung der Bestimmungen der Datenschutz- Grundverordnung (DSGVO) des Telekommunikations-gesetzes (TKG) sowie des Telemediengesetzes (TMG) hat f\u00fcr uns oberste Priorit\u00e4t. Wir m\u00f6chten Sie an dieser Stelle dar\u00fcber umfassend informieren, wie wir Daten \u00fcber unsere Webseite erheben und verarbeiten. In unserem Unternehmen haben wir technische und organisatorische Ma\u00dfnahmen getroffen, um den Datenschutz zu wahren.<\/p>\n<p>Name und Anschrift des Verantwortlichen:<br \/>\nDer Verantwortliche im Sinne der Datenschutz-Grundverordnung und anderer nationaler Datenschutzgesetze der Mitgliedstaaten sowie sonstiger datenschutzrechtlicher Bestimmungen ist die: <\/p>\n<p>Senioren Domizil Rak GmbH<br \/>\nAuf der Komm 7, 52385 Nideggen<br \/>\nTel.: 02427-90970<br \/>\nE-Mail: info@seniorendomizil-rak.de <\/p>\n<p>Name und Anschrift des Datenschutzbeauftragen:<br \/>\nDie Datenschutzbeauftragte des Verantwortlichen ist:<\/p>\n<p>Jutta Keirath<br \/>\nAuf der Komm 7, 52385 Nideggen<br \/>\nTel.: 02427-90970<br \/>\nE-Mail: info@seniorendomizil-rak.de<\/p>\n<p>Nutzungsdaten:<br \/>\nUm die Qualit\u00e4t unserer Webseiten zu verbessern, speichern wir zu statistischen Zwecken Daten \u00fcber den einzelnen Zugriff auf unsere Seiten. Dieser Datensatz besteht aus<br \/>\n\u2022\tder Seite, von der aus die Datei angefordert wurde,<br \/>\n\u2022\tdem Namen der Datei,<br \/>\n\u2022\tdem Datum und der Uhrzeit der Abfrage,<br \/>\n\u2022\tder \u00fcbertragenen Datenmenge,<br \/>\n\u2022\tdem Zugriffsstatus (Datei \u00fcbertragen, Datei nicht gefunden),<br \/>\n\u2022\tder Beschreibung des Typs des verwendeten Webbrowsers,<br \/>\n\u2022\tder IP-Adresse des anfragenden Rechners verk\u00fcrzt um die letzten drei Stellen<\/p>\n<p>Diese Daten werden gem\u00e4\u00df Telemediengesetz (TMG) anonymisiert gespeichert. Die Erstellung von personenbezogenen Nutzerprofilen ist damit ausgeschlossen.<\/p>\n<p>Keine Daten\u00fcbermittlung an Dritte:<br \/>\nAngaben, die Sie uns im Rahmen der Kontaktaufnahme \u00fcberlassen, verwenden wir ausschlie\u00dflich zur Bearbeitung Ihrer Anfrage oder zur Durchf\u00fchrung der Online- Serviceleistungen. Wir \u00fcbermitteln Ihre personenbezogenen Daten nicht an Dritte.<\/p>\n<p>Cookies:<br \/>\nCookies sind kleine Dateien, die auf der Festplatte eines Besuchers abgelegt werden. Sie erlauben es, Informationen \u00fcber einen bestimmten Zeitraum vorzuhalten und den Rechner des Besuchers zu identifizieren. Zur besseren Benutzerf\u00fchrung und individuellen Leistungsdarstellung setzen wir permanente Cookies ein.<br \/>\nFerner verwenden wir sog. Session- Cookies, die automatisch gel\u00f6scht werden, wenn Sie Ihren Browser schlie\u00dfen. Sie k\u00f6nnen Ihren Browser so einstellen, dass er Sie \u00fcber die Platzierung von Cookies informiert. So wird der Gebrauch von Cookies f\u00fcr Sie transparent.<\/p>\n<p>Google Analytics:<br \/>\nSie d\u00fcrfen sich beim Besuch unserer Webseite sicher f\u00fchlen \u2013 wir nutzen Google Analytics nicht!<\/p>\n<p>Verschl\u00fcsselung:<br \/>\nUm Ihre Daten vor unerw\u00fcnschten Zugriffen zu sch\u00fctzen, setzen wir auf einigen Seiten ein Verschl\u00fcsselungsverfahren ein. Ihre Angaben werden dann von Ihrem Rechner zu unserem Server und umgekehrt \u00fcber das Internet mittels einer sicheren SSL- Verschl\u00fcsselung (Secure Socket Layer) \u00fcbertragen. Sie erkennen dies daran, dass auf der Statusleiste Ihres Browsers das Schloss- Symbol geschlossen ist und die Adresszeile mit https:\/\/ beginnt. Wir verzichten teilweise auf eine Verschl\u00fcsselung, wenn sie lediglich allgemein verf\u00fcgbare Informationen mit uns austauschen.<br \/>\nIhre Rechte als Nutzer:<br \/>\nBei Verarbeitung Ihrer personenbezogenen Daten gew\u00e4hrt die DSGVO Ihnen als Webseitennutzer bestimmte Rechte:<br \/>\n1. Auskunftsrecht (Art. 15 DSGVO):<br \/>\nSie haben das Recht eine Best\u00e4tigung dar\u00fcber zu verlangen, ob sie betreffende personenbezogene Daten verarbeitet werden; ist dies der Fall, so haben Sie ein Recht auf Auskunft \u00fcber diese personenbezogenen Daten und auf die in Art. 15 DSGVO im einzelnen aufgef\u00fchrten Informationen.<br \/>\n2. Recht auf Berichtigung und L\u00f6schung (Art. 16 und 17 DSGVO):<br \/>\nSie haben das Recht, unverz\u00fcglich die Berichtigung sie betreffender unrichtiger personenbezogener Daten und ggf. die Vervollst\u00e4ndigung unvollst\u00e4ndiger personenbezogener Daten zu verlangen.<br \/>\nSie haben zudem das Recht, zu verlangen, dass sie betreffende personenbezogene Daten unverz\u00fcglich gel\u00f6scht werden, sofern einer der in Art. 17 DSGVO im einzelnen aufgef\u00fchrten Gr\u00fcnde zutrifft, z. B. wenn die Daten f\u00fcr die verfolgten Zwecke nicht mehr ben\u00f6tigt werden.<br \/>\n3. Recht auf Einschr\u00e4nkung der Verarbeitung (Art. 18 DSGVO):<br \/>\nSie haben das Recht, die Einschr\u00e4nkung der Verarbeitung zu verlangen, wenn eine der in Art. 18 DSGVO aufgef\u00fchrten Voraussetzungen gegeben ist, z. B. wenn Sie Widerspruch gegen die Verarbeitung eingelegt haben, f\u00fcr die Dauer einer etwaigen Pr\u00fcfung.<br \/>\n4. Recht auf Daten\u00fcbertragbarkeit (Art. 20 DSGVO):<br \/>\nIn bestimmten F\u00e4llen, die in Art. 20 DSGVO im Einzelnen aufgef\u00fchrt werden, haben Sie das Recht, die sie betreffenden personenbezogenen Daten in einem strukturierten, g\u00e4ngigen und maschinenlesbaren Format zu erhalten bzw. die \u00dcbermittlung dieser Daten an einen Dritten zu verlangen.<br \/>\n5. Widerspruchsrecht (Art. 21 DSGVO):<br \/>\nWerden Daten auf Grundlage von Art. 6 Abs. 1 lit. f erhoben (Datenverarbeitung zur Wahrung berechtigter Interessen), steht Ihnen das Recht zu, aus Gr\u00fcnden, die sich aus Ihrer besonderen Situation ergeben, jederzeit gegen die Verarbeitung Widerspruch einzulegen. Wir verarbeiten die personenbezogenen Daten dann nicht mehr, es sei denn, es liegen nachweisbar zwingende schutzw\u00fcrdige Gr\u00fcnde f\u00fcr die Verarbeitung vor, die die Interessen, Rechte und Freiheiten der betroffenen Person \u00fcber-wiegen, oder die Verarbeitung dient der Geltendmachung, Aus\u00fcbung oder Verteidigung von Rechtsanspr\u00fcchen.<br \/>\n6. Beschwerderecht bei einer Aufsichtsbeh\u00f6rde<br \/>\nSie haben gem. Art. 77 DSGVO das Recht auf Beschwerde bei einer Aufsichtsbeh\u00f6rde, wenn Sie der Ansicht sind, dass die Verarbeitung der Sie betreffenden Daten gegen datenschutzrechtliche Bestimmungen verst\u00f6\u00dft. Das Beschwerderecht kann insbesondere bei einer Aufsichtsbeh\u00f6rde in dem Mitgliedstaat Ihres Aufenthaltsorts, Ihres Arbeitsplatzes oder des Orts des mutma\u00dflichen Versto\u00dfes geltend gemacht werden.<\/p>\n","protected":false},"excerpt":{"rendered":"<p>Datenschutz: Der Schutz Ihrer personenbezogenen Daten ist uns ein gro\u00dfes Anliegen. Die Beachtung der Bestimmungen der Datenschutz- Grundverordnung (DSGVO) des Telekommunikations-gesetzes (TKG) sowie des Telemediengesetzes (TMG) hat f\u00fcr uns oberste Priorit\u00e4t. Wir m\u00f6chten Sie an dieser Stelle dar\u00fcber umfassend informieren, wie wir Daten \u00fcber unsere Webseite erheben und verarbeiten. In unserem Unternehmen haben wir technische und organisatorische Ma\u00dfnahmen getroffen, um den Datenschutz zu wahren. Name und Anschrift des Verantwortlichen: Der Verantwortliche im Sinne der Datenschutz-Grundverordnung und anderer nationaler Datenschutzgesetze der&#8230;<\/p>\n<p class=\"read-more\"><a class=\"btn btn-default\" href=\"https:\/\/seniorendomizil-rak.de\/Seniorendomizil\/datenschutz\/\">Weiterlesen<span class=\"screen-reader-text\"> Weiterlesen<\/span><\/a><\/p>\n","protected":false},"author":1,"featured_media":0,"parent":0,"menu_order":0,"comment_status":"closed","ping_status":"closed","template":"","meta":[],"_links":{"self":[{"href":"https:\/\/seniorendomizil-rak.de\/Seniorendomizil\/wp-json\/wp\/v2\/pages\/620"}],"collection":[{"href":"https:\/\/seniorendomizil-rak.de\/Seniorendomizil\/wp-json\/wp\/v2\/pages"}],"about":[{"href":"https:\/\/seniorendomizil-rak.de\/Seniorendomizil\/wp-json\/wp\/v2\/types\/page"}],"author":[{"embeddable":true,"href":"https:\/\/seniorendomizil-rak.de\/Seniorendomizil\/wp-json\/wp\/v2\/users\/1"}],"replies":[{"embeddable":true,"href":"https:\/\/seniorendomizil-rak.de\/Seniorendomizil\/wp-json\/wp\/v2\/comments?post=620"}],"version-history":[{"count":3,"href":"https:\/\/seniorendomizil-rak.de\/Seniorendomizil\/wp-json\/wp\/v2\/pages\/620\/revisions"}],"predecessor-version":[{"id":623,"href":"https:\/\/seniorendomizil-rak.de\/Seniorendomizil\/wp-json\/wp\/v2\/pages\/620\/revisions\/623"}],"wp:attachment":[{"href":"https:\/\/seniorendomizil-rak.de\/Seniorendomizil\/wp-json\/wp\/v2\/media?parent=620"}],"curies":[{"name":"wp","href":"https:\/\/api.w.org\/{rel}","templated":true}]}}