{"id":512,"date":"2017-09-25T11:40:54","date_gmt":"2017-09-25T09:40:54","guid":{"rendered":"http:\/\/vorschau.seniorendomizil-rak.de\/?page_id=512"},"modified":"2019-05-21T11:49:04","modified_gmt":"2019-05-21T09:49:04","slug":"ueber-uns","status":"publish","type":"page","link":"https:\/\/seniorendomizil-rak.de\/Seniorendomizil\/ueber-uns\/","title":{"rendered":"\u00dcber uns"},"content":{"rendered":"<p>Im November 1974 gr\u00fcndeten die Eheleute Maria und Bernhard Rak unsere Einrichtung, die damals noch Senioren-und Pflegeheim M.Rak hie\u00df, in Kreuzau-Obermaubach in einem gem\u00fctlichen Haus oberhalb des Stausees f\u00fcr 36 Pflegebed\u00fcrftige.<\/p>\n<p>Aufgrund der ge\u00e4nderten gesetzlichen und baulichen Anforderungen wurde unser modernes Haus in Nideggen-Berg im Jahre 2000 er\u00f6ffnet. Bald wurde es in dem kleinen Familienbetrieb zu eng und es musste das Dachgeschoss ausgebaut werden. Dort erstanden 2010 weitere 15 vollstation\u00e4re Pflegepl\u00e4tze.<\/p>\n<p>Seit 2012 wird der Familienbetrieb in der zweiten Generation von der Tochter, Susanne Nsafoah-Rak, geleitet und erfolgreich in die Zukunft gef\u00fchrt. In dem im Dezember 2017 fertiggestellten Anbau entstehen weitere zwei Wohnbereiche f\u00fcr jeweils 10 pflegebed\u00fcrftige Menschen und ein Tagespflege f\u00fcr 16 G\u00e4ste.<\/p>\n<p>Das Senioren Domizil Rak verf\u00fcgt nun \u00fcber 71 vollstation\u00e4re Pflegepl\u00e4tze, darunter zwei beh\u00fctende Wohnbereiche f\u00fcr 24 Demenz-Patienten und 4 eingestreute Kurzzeitpflegepl\u00e4tze. Ebenso komplettieren 16 Tagespflegepl\u00e4tze und der ambulante Pflegedienst das Angebot in der Umgebung von Nideggen-Berg im Kreis D\u00fcren.<\/p>\n<p>&nbsp;<\/p>\n<p>&nbsp;<\/p>\n","protected":false},"excerpt":{"rendered":"<p>Im November 1974 gr\u00fcndeten die Eheleute Maria und Bernhard Rak unsere Einrichtung, die damals noch Senioren-und Pflegeheim M.Rak hie\u00df, in Kreuzau-Obermaubach in einem gem\u00fctlichen Haus oberhalb des Stausees f\u00fcr 36 Pflegebed\u00fcrftige. Aufgrund der ge\u00e4nderten gesetzlichen und baulichen Anforderungen wurde unser modernes Haus in Nideggen-Berg im Jahre 2000 er\u00f6ffnet. Bald wurde es in dem kleinen Familienbetrieb zu eng und es musste das Dachgeschoss ausgebaut werden. Dort erstanden 2010 weitere 15 vollstation\u00e4re Pflegepl\u00e4tze. Seit 2012 wird der Familienbetrieb in der zweiten Generation&#8230;<\/p>\n<p class=\"read-more\"><a class=\"btn btn-default\" href=\"https:\/\/seniorendomizil-rak.de\/Seniorendomizil\/ueber-uns\/\">Weiterlesen<span class=\"screen-reader-text\"> Weiterlesen<\/span><\/a><\/p>\n","protected":false},"author":1,"featured_media":0,"parent":0,"menu_order":0,"comment_status":"closed","ping_status":"closed","template":"","meta":[],"_links":{"self":[{"href":"https:\/\/seniorendomizil-rak.de\/Seniorendomizil\/wp-json\/wp\/v2\/pages\/512"}],"collection":[{"href":"https:\/\/seniorendomizil-rak.de\/Seniorendomizil\/wp-json\/wp\/v2\/pages"}],"about":[{"href":"https:\/\/seniorendomizil-rak.de\/Seniorendomizil\/wp-json\/wp\/v2\/types\/page"}],"author":[{"embeddable":true,"href":"https:\/\/seniorendomizil-rak.de\/Seniorendomizil\/wp-json\/wp\/v2\/users\/1"}],"replies":[{"embeddable":true,"href":"https:\/\/seniorendomizil-rak.de\/Seniorendomizil\/wp-json\/wp\/v2\/comments?post=512"}],"version-history":[{"count":6,"href":"https:\/\/seniorendomizil-rak.de\/Seniorendomizil\/wp-json\/wp\/v2\/pages\/512\/revisions"}],"predecessor-version":[{"id":679,"href":"https:\/\/seniorendomizil-rak.de\/Seniorendomizil\/wp-json\/wp\/v2\/pages\/512\/revisions\/679"}],"wp:attachment":[{"href":"https:\/\/seniorendomizil-rak.de\/Seniorendomizil\/wp-json\/wp\/v2\/media?parent=512"}],"curies":[{"name":"wp","href":"https:\/\/api.w.org\/{rel}","templated":true}]}}