{"id":456,"date":"2017-09-19T14:09:23","date_gmt":"2017-09-19T12:09:23","guid":{"rendered":"http:\/\/vorschau.seniorendomizil-rak.de\/?page_id=456"},"modified":"2026-01-28T14:06:55","modified_gmt":"2026-01-28T13:06:55","slug":"vollstationaere-pflegekosten","status":"publish","type":"page","link":"https:\/\/seniorendomizil-rak.de\/Seniorendomizil\/vollstationaere-pflegekosten\/","title":{"rendered":"vollstation\u00e4re Pflegekosten"},"content":{"rendered":"<h2>F\u00fcr unsere Einrichtung gelten folgende Preise f\u00fcr die vollstation\u00e4re Pflege:<\/h2>\n<p>&nbsp;<\/p>\n<table width=\"0\">\n<tbody>\n<tr>\n<td width=\"231\"><strong>Allgemeine Pflege<\/strong><\/td>\n<td width=\"101\"><strong>Grad 1<\/strong><\/td>\n<td width=\"104\"><strong>Grad 2<\/strong><\/td>\n<td width=\"101\"><strong>Grad 3<\/strong><\/td>\n<td width=\"105\"><strong>Grad 4<\/strong><\/td>\n<td width=\"105\"><strong>Grad 5<\/strong><\/td>\n<\/tr>\n<tr>\n<td width=\"231\">Pflegesatz\/Tag<\/td>\n<td style=\"text-align: right;\" width=\"101\">60,11 \u20ac<\/td>\n<td style=\"text-align: right;\" width=\"104\">77,07 \u20ac<\/td>\n<td style=\"text-align: right;\" width=\"101\">93,97 \u20ac<\/td>\n<td style=\"text-align: right;\" width=\"105\">111,59 \u20ac<\/td>\n<td style=\"text-align: right;\" width=\"105\">119,51 \u20ac<\/td>\n<\/tr>\n<tr>\n<td width=\"231\">Unterkunft\/Verpflegung<br \/>\nPro Tag<\/td>\n<td style=\"text-align: right;\" width=\"101\">39,54 \u20ac<\/td>\n<td style=\"text-align: right;\" width=\"104\">39,54 \u20ac<\/td>\n<td style=\"text-align: right;\" width=\"101\">39,54 \u20ac<\/td>\n<td style=\"text-align: right;\" width=\"105\">39,54 \u20ac<\/td>\n<td style=\"text-align: right;\" width=\"105\">39,54 \u20ac<\/td>\n<\/tr>\n<tr>\n<td width=\"231\">Investitionskosten \/Tag<\/td>\n<td style=\"text-align: right;\" width=\"101\">18,82 \u20ac<\/td>\n<td style=\"text-align: right;\" width=\"104\">18,82 \u20ac<\/td>\n<td style=\"text-align: right;\" width=\"101\">18,82 \u20ac<\/td>\n<td style=\"text-align: right;\" width=\"105\">18,82 \u20ac<\/td>\n<td style=\"text-align: right;\" width=\"105\">18,82 \u20ac<\/td>\n<\/tr>\n<tr>\n<td width=\"231\">Einbettzimmer\/Tag<\/td>\n<td style=\"text-align: right;\" width=\"101\">1,12 \u20ac<\/td>\n<td style=\"text-align: right;\" width=\"104\">1,12 \u20ac<\/td>\n<td style=\"text-align: right;\" width=\"101\">1,12 \u20ac<\/td>\n<td style=\"text-align: right;\" width=\"105\">1,12 \u20ac<\/td>\n<td style=\"text-align: right;\" width=\"105\">1,12 \u20ac<\/td>\n<\/tr>\n<tr>\n<td width=\"231\">Ausbildungszuschl. Generalistik\/Tag<\/td>\n<td style=\"text-align: right;\" width=\"101\">\n<table style=\"text-align: start;\" width=\"0\">\n<tbody>\n<tr>\n<td style=\"text-align: right;\" width=\"101\">5,68 \u20ac<\/td>\n<\/tr>\n<\/tbody>\n<\/table>\n<\/td>\n<td style=\"text-align: right;\" width=\"101\">5,68 \u20ac<\/td>\n<td style=\"text-align: right;\" width=\"101\">5,68 \u20ac<\/td>\n<td style=\"text-align: right;\" width=\"101\">5,68 \u20ac<\/td>\n<td style=\"text-align: right;\" width=\"101\">5,68 \u20ac<\/td>\n<\/tr>\n<tr>\n<td width=\"231\"><strong>Gesamtkosten pro Tag<\/strong><\/td>\n<td style=\"text-align: right;\" width=\"101\"><strong>125,27 \u20ac<\/strong><\/td>\n<td style=\"text-align: right;\" width=\"104\"><strong>142,23 \u20ac<\/strong><\/td>\n<td style=\"text-align: right;\" width=\"101\"><strong>159,13 \u20ac<\/strong><\/td>\n<td style=\"text-align: right;\" width=\"105\"><strong>176,75 \u20ac<\/strong><\/td>\n<td style=\"text-align: right;\" width=\"105\"><strong>184,67 \u20ac<\/strong><\/td>\n<\/tr>\n<tr>\n<td width=\"231\"><strong>Gesamtkosten\/Monat <\/strong><\/p>\n<p><strong>(30,42 Tage)<\/strong><\/td>\n<td style=\"text-align: right;\" width=\"101\"><strong>3.810,71 \u20ac<\/strong><\/td>\n<td style=\"text-align: right;\" width=\"104\"><strong>4.326,64 \u20ac<\/strong><\/td>\n<td style=\"text-align: right;\" width=\"101\"><strong>4.840,73 \u20ac<\/strong><\/td>\n<td style=\"text-align: right;\" width=\"105\"><strong>5.376,74 \u20ac<\/strong><\/td>\n<td style=\"text-align: right;\" width=\"105\"><strong>5.617,66 \u20ac<\/strong><\/td>\n<\/tr>\n<tr>\n<td width=\"231\"><\/td>\n<td width=\"101\"><\/td>\n<td width=\"104\"><\/td>\n<td width=\"101\"><\/td>\n<td width=\"105\"><\/td>\n<td width=\"105\"><\/td>\n<\/tr>\n<tr>\n<td width=\"231\">Anteil Pflegekasse<\/td>\n<td style=\"text-align: right;\" width=\"101\">131,00 \u20ac<\/td>\n<td style=\"text-align: right;\" width=\"104\">805,00 \u20ac<\/td>\n<td style=\"text-align: right;\" width=\"101\">1.319,00 \u20ac<\/td>\n<td style=\"text-align: right;\" width=\"105\">1.855,00 \u20ac<\/td>\n<td style=\"text-align: right;\" width=\"105\">2.096,00 \u20ac<\/td>\n<\/tr>\n<tr>\n<td colspan=\"6\" width=\"747\"><\/td>\n<\/tr>\n<tr>\n<td width=\"231\"><strong>Ihr Eigenanteil<\/strong><\/td>\n<td style=\"text-align: right;\" width=\"101\"><strong>3.679,71\u20ac<\/strong><\/td>\n<td style=\"text-align: right;\" width=\"104\"><strong>3.521,64 \u20ac<\/strong><\/td>\n<td style=\"text-align: right;\" width=\"101\"><strong>3.521,73 \u20ac<\/strong><\/td>\n<td style=\"text-align: right;\" width=\"105\"><strong>3.521,74 \u20ac<\/strong><\/td>\n<td style=\"text-align: right;\" width=\"105\"><strong>3.521,66 \u20ac<\/strong><\/td>\n<\/tr>\n<\/tbody>\n<\/table>\n<p>&nbsp;<\/p>\n<p>Die ausgewiesenen Entgelte gelten ab dem 01.01.2026 (ohne Gew\u00e4hr). Da sich unsere Preise \u00e4ndern k\u00f6nnen, erfragen Sie bitte die aktuellen\u00a0S\u00e4tze in der Verwaltung.<\/p>\n<p>Der einrichtungseinheitliche Eigenanteil (EEE) f\u00fcr die Pflegegrade 2 \u2013 5 betr\u00e4gt 1539,45 \u20ac (dieser Betrag ist in der o.g. Berechnung bereits enthalten).<\/p>\n<p>Die monatlichen Kosten werden mit dem Faktor 30,42 berechnet (365 Tage \/ 12 Monate).<\/p>\n<p>Bei Vorliegen der Voraussetzungen kann Pflegewohngeld bewilligt werden, (z.Zt. 572,50 \u20ac im Doppelzimmer und 606,57 \u20ac im Einzelzimmer) welches dann den Eigenanteil reduziert.<\/p>\n","protected":false},"excerpt":{"rendered":"<p>F\u00fcr unsere Einrichtung gelten folgende Preise f\u00fcr die vollstation\u00e4re Pflege: &nbsp; Allgemeine Pflege Grad 1 Grad 2 Grad 3 Grad 4 Grad 5 Pflegesatz\/Tag 60,11 \u20ac 77,07 \u20ac 93,97 \u20ac 111,59 \u20ac 119,51 \u20ac Unterkunft\/Verpflegung Pro Tag 39,54 \u20ac 39,54 \u20ac 39,54 \u20ac 39,54 \u20ac 39,54 \u20ac Investitionskosten \/Tag 18,82 \u20ac 18,82 \u20ac 18,82 \u20ac 18,82 \u20ac 18,82 \u20ac Einbettzimmer\/Tag 1,12 \u20ac 1,12 \u20ac 1,12 \u20ac 1,12 \u20ac 1,12 \u20ac Ausbildungszuschl. Generalistik\/Tag 5,68 \u20ac 5,68 \u20ac 5,68 \u20ac 5,68 \u20ac&#8230;<\/p>\n<p class=\"read-more\"><a class=\"btn btn-default\" href=\"https:\/\/seniorendomizil-rak.de\/Seniorendomizil\/vollstationaere-pflegekosten\/\">Weiterlesen<span class=\"screen-reader-text\"> Weiterlesen<\/span><\/a><\/p>\n","protected":false},"author":1,"featured_media":0,"parent":0,"menu_order":0,"comment_status":"closed","ping_status":"closed","template":"","meta":[],"_links":{"self":[{"href":"https:\/\/seniorendomizil-rak.de\/Seniorendomizil\/wp-json\/wp\/v2\/pages\/456"}],"collection":[{"href":"https:\/\/seniorendomizil-rak.de\/Seniorendomizil\/wp-json\/wp\/v2\/pages"}],"about":[{"href":"https:\/\/seniorendomizil-rak.de\/Seniorendomizil\/wp-json\/wp\/v2\/types\/page"}],"author":[{"embeddable":true,"href":"https:\/\/seniorendomizil-rak.de\/Seniorendomizil\/wp-json\/wp\/v2\/users\/1"}],"replies":[{"embeddable":true,"href":"https:\/\/seniorendomizil-rak.de\/Seniorendomizil\/wp-json\/wp\/v2\/comments?post=456"}],"version-history":[{"count":20,"href":"https:\/\/seniorendomizil-rak.de\/Seniorendomizil\/wp-json\/wp\/v2\/pages\/456\/revisions"}],"predecessor-version":[{"id":901,"href":"https:\/\/seniorendomizil-rak.de\/Seniorendomizil\/wp-json\/wp\/v2\/pages\/456\/revisions\/901"}],"wp:attachment":[{"href":"https:\/\/seniorendomizil-rak.de\/Seniorendomizil\/wp-json\/wp\/v2\/media?parent=456"}],"curies":[{"name":"wp","href":"https:\/\/api.w.org\/{rel}","templated":true}]}}