{"id":454,"date":"2017-09-19T14:08:55","date_gmt":"2017-09-19T12:08:55","guid":{"rendered":"http:\/\/vorschau.seniorendomizil-rak.de\/?page_id=454"},"modified":"2024-07-18T13:35:09","modified_gmt":"2024-07-18T11:35:09","slug":"kurzzeit-verhinderungspflege-preisbeispiel","status":"publish","type":"page","link":"https:\/\/seniorendomizil-rak.de\/Seniorendomizil\/kurzzeit-verhinderungspflege-preisbeispiel\/","title":{"rendered":"Kurzzeit- \/ Verhinderungspflege &#8211; Preisbeispiel"},"content":{"rendered":"<p>Das folgende Preisbeispiel berechnet einen Aufenthalt von 28 Tagen:<\/p>\n<h2>Kostenberechnung f\u00fcr die Kurzzeitpflege<\/h2>\n<table width=\"0\">\n<tbody>\n<tr>\n<td width=\"215\"><strong>Allgemeine Pflege<\/strong><\/td>\n<td width=\"101\"><strong>Grad 1<\/strong><\/td>\n<td width=\"107\"><strong>Grad 2<\/strong><\/td>\n<td width=\"108\"><strong>Grad 3<\/strong><\/td>\n<td width=\"103\"><strong>Grad 4<\/strong><\/td>\n<td width=\"103\"><strong>Grad 5<\/strong><\/td>\n<\/tr>\n<tr>\n<td width=\"215\">Pflegesatz\/Tag<\/td>\n<td style=\"text-align: right;\" width=\"101\">54,51 \u20ac<\/td>\n<td style=\"text-align: right;\" width=\"107\">69,89 \u20ac<\/td>\n<td style=\"text-align: right;\" width=\"108\">86,06 \u20ac<\/td>\n<td style=\"text-align: right;\" width=\"103\">102,92 \u20ac<\/td>\n<td style=\"text-align: right;\" width=\"103\">110,48 \u20ac<\/td>\n<\/tr>\n<tr>\n<td width=\"231\">Ausbildungszuschl. Generalistik\/Tag<\/td>\n<td style=\"text-align: right;\" width=\"101\">5,23 \u20ac<\/td>\n<td style=\"text-align: right;\" width=\"101\">5,23 \u20ac<\/td>\n<td style=\"text-align: right;\" width=\"101\">5,23 \u20ac<\/td>\n<td style=\"text-align: right;\" width=\"101\">5,23 \u20ac<\/td>\n<td style=\"text-align: right;\" width=\"101\">5,23 \u20ac<\/td>\n<\/tr>\n<tr>\n<td width=\"215\">Unterkunft\/Verpflegung<br \/>\npro Tag<\/td>\n<td style=\"text-align: right;\" width=\"101\">37,68 \u20ac<\/td>\n<td style=\"text-align: right;\" width=\"107\">37,68 \u20ac<\/td>\n<td style=\"text-align: right;\" width=\"108\">37,68 \u20ac<\/td>\n<td style=\"text-align: right;\" width=\"103\">37,68 \u20ac<\/td>\n<td style=\"text-align: right;\" width=\"103\">37,68 \u20ac<\/td>\n<\/tr>\n<tr>\n<td width=\"215\">Investitionskosten \/Tag<\/td>\n<td style=\"text-align: right;\" width=\"101\">17,69 \u20ac<\/td>\n<td style=\"text-align: right;\" width=\"107\">17,69 \u20ac<\/td>\n<td style=\"text-align: right;\" width=\"108\">17,69 \u20ac<\/td>\n<td style=\"text-align: right;\" width=\"103\">17,69 \u20ac<\/td>\n<td style=\"text-align: right;\" width=\"103\">17,69 \u20ac<\/td>\n<\/tr>\n<tr>\n<td width=\"215\">Einbettzimmer\/Tag<\/td>\n<td style=\"text-align: right;\" width=\"101\">1,12 \u20ac<\/td>\n<td style=\"text-align: right;\" width=\"107\">1,12 \u20ac<\/td>\n<td style=\"text-align: right;\" width=\"108\">1,12 \u20ac<\/td>\n<td style=\"text-align: right;\" width=\"103\">1,12 \u20ac<\/td>\n<td style=\"text-align: right;\" width=\"103\">1,12 \u20ac<\/td>\n<\/tr>\n<tr>\n<td width=\"215\"><strong>Gesamtkosten pro Tag<\/strong><\/td>\n<td style=\"text-align: right;\" width=\"101\"><strong>116,23 \u20ac<\/strong><\/td>\n<td style=\"text-align: right;\" width=\"107\"><strong>131,61 \u20ac<\/strong><\/td>\n<td style=\"text-align: right;\" width=\"108\"><strong>147,78 \u20ac<\/strong><\/td>\n<td style=\"text-align: right;\" width=\"103\"><strong>164,64 \u20ac<\/strong><\/td>\n<td style=\"text-align: right;\" width=\"103\"><strong>172,20 \u20ac<\/strong><\/td>\n<\/tr>\n<tr>\n<td width=\"215\"><strong>Kosten f\u00fcr 28 Tage<\/strong><\/td>\n<td style=\"text-align: right;\" width=\"101\"><strong>3.254,44 \u20ac<\/strong><\/td>\n<td style=\"text-align: right;\" width=\"107\"><strong>3.685,08 \u20ac<\/strong><\/td>\n<td style=\"text-align: right;\" width=\"108\"><strong>4.137,84 \u20ac<\/strong><\/td>\n<td style=\"text-align: right;\" width=\"103\"><strong>4.609,92 \u20ac<\/strong><\/td>\n<td style=\"text-align: right;\" width=\"103\"><strong>4.821,60 \u20ac <\/strong><\/td>\n<\/tr>\n<tr>\n<td width=\"215\"><strong>Anteil der Pflegekasse<\/strong><\/td>\n<td style=\"text-align: center;\" width=\"101\"><strong>&#8212;<\/strong><\/td>\n<td style=\"text-align: right;\" width=\"107\"><strong>-1.758,96 \u20ac<\/strong><\/td>\n<td style=\"text-align: right;\" width=\"108\"><strong>-1.774,00 \u20ac<\/strong><\/td>\n<td style=\"text-align: right;\" width=\"103\"><strong>-1.774,00 \u20ac<\/strong><\/td>\n<td style=\"text-align: right;\" width=\"103\"><strong>-1.774,00 \u20ac<\/strong><\/td>\n<\/tr>\n<tr>\n<td width=\"215\"><strong>Investitionskosten \u00fcbernimmt \u00f6rtl. Tr\u00e4ger<\/strong><\/td>\n<td style=\"text-align: right;\" width=\"101\"><strong>&#8211; 526,68 \u20ac <\/strong><\/td>\n<td style=\"text-align: right;\" width=\"107\"><strong>&#8211; 526,68 \u20ac<\/strong><\/td>\n<td style=\"text-align: right;\" width=\"108\"><strong>&#8211; 526,68 \u20ac<\/strong><\/td>\n<td style=\"text-align: right;\" width=\"103\"><strong>&#8211; 526,68 \u20ac<\/strong><\/td>\n<td style=\"text-align: right;\" width=\"103\"><strong>&#8211; 526,68 \u20ac<\/strong><\/td>\n<\/tr>\n<tr>\n<td width=\"215\"><strong>Eigenanteil<\/strong><\/td>\n<td style=\"text-align: right;\" width=\"101\"><strong>2.727,76 \u20ac<\/strong><\/td>\n<td style=\"text-align: right;\" width=\"107\"><strong>1.384,40 <\/strong><strong>\u20ac<\/strong><\/td>\n<td style=\"text-align: right;\" width=\"108\"><strong>1.837,16 \u20ac<\/strong><\/td>\n<td style=\"text-align: right;\" width=\"103\"><strong>2.309,24 \u20ac<\/strong><\/td>\n<td style=\"text-align: right;\" width=\"103\"><strong>2.520,92 \u20ac<\/strong><\/td>\n<\/tr>\n<\/tbody>\n<\/table>\n<p>&nbsp;<\/p>\n<p>Die Pflegekasse \u00fcbernimmt den t\u00e4glichen Pflegesatz incl. Ausbildungszuschlag pro Kalenderjahr in H\u00f6he von max. 1.774 \u20ac f\u00fcr bis zu 8 Wochen (56 Tage) in der Kurzzeitpflege (KZP) und in H\u00f6he von 1.612,00 \u20ac f\u00fcr bis zu 4 Wochen (28 Tage) in der Verhinderungspflege (VHP).<\/p>\n<p>Bei vorliegender Genehmigung der Kurzzeit-\/Verhinderungspflege werden die Investitionskosten vom jeweils zust\u00e4ndigen \u00f6rtlichen Sozialamt \u00fcbernommen.<\/p>\n<p>Die ausgewiesenen Entgelte gelten ab dem 01.07.2024 (ohne Gew\u00e4hr).<\/p>\n<p>&nbsp;<\/p>\n","protected":false},"excerpt":{"rendered":"<p>Das folgende Preisbeispiel berechnet einen Aufenthalt von 28 Tagen: Kostenberechnung f\u00fcr die Kurzzeitpflege Allgemeine Pflege Grad 1 Grad 2 Grad 3 Grad 4 Grad 5 Pflegesatz\/Tag 54,51 \u20ac 69,89 \u20ac 86,06 \u20ac 102,92 \u20ac 110,48 \u20ac Ausbildungszuschl. Generalistik\/Tag 5,23 \u20ac 5,23 \u20ac 5,23 \u20ac 5,23 \u20ac 5,23 \u20ac Unterkunft\/Verpflegung pro Tag 37,68 \u20ac 37,68 \u20ac 37,68 \u20ac 37,68 \u20ac 37,68 \u20ac Investitionskosten \/Tag 17,69 \u20ac 17,69 \u20ac 17,69 \u20ac 17,69 \u20ac 17,69 \u20ac Einbettzimmer\/Tag 1,12 \u20ac 1,12 \u20ac 1,12 \u20ac&#8230;<\/p>\n<p class=\"read-more\"><a class=\"btn btn-default\" href=\"https:\/\/seniorendomizil-rak.de\/Seniorendomizil\/kurzzeit-verhinderungspflege-preisbeispiel\/\">Weiterlesen<span class=\"screen-reader-text\"> Weiterlesen<\/span><\/a><\/p>\n","protected":false},"author":1,"featured_media":0,"parent":0,"menu_order":0,"comment_status":"closed","ping_status":"closed","template":"","meta":[],"_links":{"self":[{"href":"https:\/\/seniorendomizil-rak.de\/Seniorendomizil\/wp-json\/wp\/v2\/pages\/454"}],"collection":[{"href":"https:\/\/seniorendomizil-rak.de\/Seniorendomizil\/wp-json\/wp\/v2\/pages"}],"about":[{"href":"https:\/\/seniorendomizil-rak.de\/Seniorendomizil\/wp-json\/wp\/v2\/types\/page"}],"author":[{"embeddable":true,"href":"https:\/\/seniorendomizil-rak.de\/Seniorendomizil\/wp-json\/wp\/v2\/users\/1"}],"replies":[{"embeddable":true,"href":"https:\/\/seniorendomizil-rak.de\/Seniorendomizil\/wp-json\/wp\/v2\/comments?post=454"}],"version-history":[{"count":19,"href":"https:\/\/seniorendomizil-rak.de\/Seniorendomizil\/wp-json\/wp\/v2\/pages\/454\/revisions"}],"predecessor-version":[{"id":887,"href":"https:\/\/seniorendomizil-rak.de\/Seniorendomizil\/wp-json\/wp\/v2\/pages\/454\/revisions\/887"}],"wp:attachment":[{"href":"https:\/\/seniorendomizil-rak.de\/Seniorendomizil\/wp-json\/wp\/v2\/media?parent=454"}],"curies":[{"name":"wp","href":"https:\/\/api.w.org\/{rel}","templated":true}]}}