{"id":4,"date":"2017-07-24T16:16:34","date_gmt":"2017-07-24T14:16:34","guid":{"rendered":"http:\/\/vorschau.seniorendomizil-rak.de\/?page_id=4"},"modified":"2017-10-12T14:28:44","modified_gmt":"2017-10-12T12:28:44","slug":"adlerhorst","status":"publish","type":"page","link":"https:\/\/seniorendomizil-rak.de\/Seniorendomizil\/adlerhorst\/","title":{"rendered":"Adlerhorst"},"content":{"rendered":"<h2>Der Adlerhorst<\/h2>\n<p>Auf der 1. Etage finden Sie unseren \u201eAdlerhorst\u201c.<\/p>\n<p>Hier haben 22 Senioren in 2 Doppel- und 18 Einzelzimmern ihr Zuhause.<\/p>\n<p><a href=\"https:\/\/seniorendomizil-rak.de\/wp-content\/uploads\/Wohnzimmer-Adlerhorst.png\"><img loading=\"lazy\" class=\"alignleft wp-image-136 size-medium\" src=\"https:\/\/seniorendomizil-rak.de\/wp-content\/uploads\/Wohnzimmer-Adlerhorst-488x300.png\" alt=\"\" width=\"488\" height=\"300\" srcset=\"https:\/\/seniorendomizil-rak.de\/wp-content\/uploads\/Wohnzimmer-Adlerhorst-488x300.png 488w, https:\/\/seniorendomizil-rak.de\/wp-content\/uploads\/Wohnzimmer-Adlerhorst-439x270.png 439w, https:\/\/seniorendomizil-rak.de\/wp-content\/uploads\/Wohnzimmer-Adlerhorst.png 650w\" sizes=\"(max-width: 488px) 100vw, 488px\" \/><\/a><\/p>\n<p>&nbsp;<\/p>\n<p><a href=\"https:\/\/seniorendomizil-rak.de\/wp-content\/uploads\/B\u00fccher-Ecke-Adlerhorstx.png\"><img loading=\"lazy\" class=\"alignright wp-image-148 size-medium\" src=\"https:\/\/seniorendomizil-rak.de\/wp-content\/uploads\/B\u00fccher-Ecke-Adlerhorstx-253x300.png\" alt=\"\" width=\"253\" height=\"300\" srcset=\"https:\/\/seniorendomizil-rak.de\/wp-content\/uploads\/B\u00fccher-Ecke-Adlerhorstx-253x300.png 253w, https:\/\/seniorendomizil-rak.de\/wp-content\/uploads\/B\u00fccher-Ecke-Adlerhorstx-227x270.png 227w, https:\/\/seniorendomizil-rak.de\/wp-content\/uploads\/B\u00fccher-Ecke-Adlerhorstx.png 337w\" sizes=\"(max-width: 253px) 100vw, 253px\" \/><\/a>Man trifft sich hier gerne im gem\u00fctlichen Wohnzimmer zum fernsehen oder in der B\u00fccher-Ecke zum schm\u00f6kern.<\/p>\n<hr \/>\n<p>&nbsp;<\/p>\n","protected":false},"excerpt":{"rendered":"<p>Der Adlerhorst Auf der 1. Etage finden Sie unseren \u201eAdlerhorst\u201c. Hier haben 22 Senioren in 2 Doppel- und 18 Einzelzimmern ihr Zuhause. &nbsp; Man trifft sich hier gerne im gem\u00fctlichen Wohnzimmer zum fernsehen oder in der B\u00fccher-Ecke zum schm\u00f6kern. &nbsp;<\/p>\n","protected":false},"author":1,"featured_media":0,"parent":0,"menu_order":0,"comment_status":"closed","ping_status":"closed","template":"","meta":[],"_links":{"self":[{"href":"https:\/\/seniorendomizil-rak.de\/Seniorendomizil\/wp-json\/wp\/v2\/pages\/4"}],"collection":[{"href":"https:\/\/seniorendomizil-rak.de\/Seniorendomizil\/wp-json\/wp\/v2\/pages"}],"about":[{"href":"https:\/\/seniorendomizil-rak.de\/Seniorendomizil\/wp-json\/wp\/v2\/types\/page"}],"author":[{"embeddable":true,"href":"https:\/\/seniorendomizil-rak.de\/Seniorendomizil\/wp-json\/wp\/v2\/users\/1"}],"replies":[{"embeddable":true,"href":"https:\/\/seniorendomizil-rak.de\/Seniorendomizil\/wp-json\/wp\/v2\/comments?post=4"}],"version-history":[{"count":23,"href":"https:\/\/seniorendomizil-rak.de\/Seniorendomizil\/wp-json\/wp\/v2\/pages\/4\/revisions"}],"predecessor-version":[{"id":543,"href":"https:\/\/seniorendomizil-rak.de\/Seniorendomizil\/wp-json\/wp\/v2\/pages\/4\/revisions\/543"}],"wp:attachment":[{"href":"https:\/\/seniorendomizil-rak.de\/Seniorendomizil\/wp-json\/wp\/v2\/media?parent=4"}],"curies":[{"name":"wp","href":"https:\/\/api.w.org\/{rel}","templated":true}]}}