{"id":325,"date":"2017-08-28T09:17:08","date_gmt":"2017-08-28T07:17:08","guid":{"rendered":"http:\/\/vorschau.seniorendomizil-rak.de\/?page_id=325"},"modified":"2017-10-12T15:31:45","modified_gmt":"2017-10-12T13:31:45","slug":"bei-uns-wird-frisch-gekocht","status":"publish","type":"page","link":"https:\/\/seniorendomizil-rak.de\/Seniorendomizil\/bei-uns-wird-frisch-gekocht\/","title":{"rendered":"Bei uns wird frisch gekocht!"},"content":{"rendered":"<h2 style=\"padding-left: 30px;\">Bei uns wird FRISCH gekocht!<\/h2>\n<p>Fastfood \/ Convenience Food hat bei uns Hausverbot.<\/p>\n<p>Von der Bohne bis zur So\u00dfe werden alle Tagesgerichte ausschlie\u00dflich von unserer hauseigenen K\u00fcche gekocht.<\/p>\n<p>Unser K\u00fcchenteam garantiert Ihnen beste, kontrollierte Qualit\u00e4t. Und das 7 Tage die Woche, 365 Tage im Jahr.<\/p>\n<p>Sie haben eine Nahrungsmittelunvertr\u00e4glichkeit? Egal ob Fructoseintoleranz, Glutensensitivit\u00e4t, Laktoseintoleranz oder Histaminintoleranz. Wir stellen uns auf Ihre Bed\u00fcrfnisse ein.<\/p>\n<p>&nbsp;<\/p>\n<ul>\n<li style=\"text-align: left;\">Fr\u00fchst\u00fcck in Buffetform<\/li>\n<li style=\"text-align: left;\">zwei Mittags-Menues zur Auswahl<\/li>\n<li style=\"text-align: left;\">Wunschessen<\/li>\n<li>Fingerfood<\/li>\n<li>hochkalorische Speisen<\/li>\n<li style=\"text-align: left;\">selbstgebackener Kuchen<\/li>\n<li style=\"text-align: left;\">reichhaltiges Getr\u00e4nkeangebot<\/li>\n<li style=\"text-align: left;\">gem\u00fctliche Cafeteria <a href=\"https:\/\/seniorendomizil-rak.de\/wp-content\/uploads\/Kochen-im-Altenheim.jpg\"><img loading=\"lazy\" class=\"aligncenter wp-image-444 size-medium\" src=\"https:\/\/seniorendomizil-rak.de\/wp-content\/uploads\/Kochen-im-Altenheim-450x300.jpg\" alt=\"\" width=\"450\" height=\"300\" srcset=\"https:\/\/seniorendomizil-rak.de\/wp-content\/uploads\/Kochen-im-Altenheim-450x300.jpg 450w, https:\/\/seniorendomizil-rak.de\/wp-content\/uploads\/Kochen-im-Altenheim-768x512.jpg 768w, https:\/\/seniorendomizil-rak.de\/wp-content\/uploads\/Kochen-im-Altenheim-405x270.jpg 405w, https:\/\/seniorendomizil-rak.de\/wp-content\/uploads\/Kochen-im-Altenheim.jpg 800w\" sizes=\"(max-width: 450px) 100vw, 450px\" \/><\/a><\/li>\n<\/ul>\n","protected":false},"excerpt":{"rendered":"<p>Bei uns wird FRISCH gekocht! Fastfood \/ Convenience Food hat bei uns Hausverbot. Von der Bohne bis zur So\u00dfe werden alle Tagesgerichte ausschlie\u00dflich von unserer hauseigenen K\u00fcche gekocht. Unser K\u00fcchenteam garantiert Ihnen beste, kontrollierte Qualit\u00e4t. Und das 7 Tage die Woche, 365 Tage im Jahr. Sie haben eine Nahrungsmittelunvertr\u00e4glichkeit? Egal ob Fructoseintoleranz, Glutensensitivit\u00e4t, Laktoseintoleranz oder Histaminintoleranz. Wir stellen uns auf Ihre Bed\u00fcrfnisse ein. &nbsp; Fr\u00fchst\u00fcck in Buffetform zwei Mittags-Menues zur Auswahl Wunschessen Fingerfood hochkalorische Speisen selbstgebackener Kuchen reichhaltiges Getr\u00e4nkeangebot gem\u00fctliche&#8230;<\/p>\n<p class=\"read-more\"><a class=\"btn btn-default\" href=\"https:\/\/seniorendomizil-rak.de\/Seniorendomizil\/bei-uns-wird-frisch-gekocht\/\">Weiterlesen<span class=\"screen-reader-text\"> Weiterlesen<\/span><\/a><\/p>\n","protected":false},"author":1,"featured_media":0,"parent":0,"menu_order":0,"comment_status":"closed","ping_status":"closed","template":"","meta":[],"_links":{"self":[{"href":"https:\/\/seniorendomizil-rak.de\/Seniorendomizil\/wp-json\/wp\/v2\/pages\/325"}],"collection":[{"href":"https:\/\/seniorendomizil-rak.de\/Seniorendomizil\/wp-json\/wp\/v2\/pages"}],"about":[{"href":"https:\/\/seniorendomizil-rak.de\/Seniorendomizil\/wp-json\/wp\/v2\/types\/page"}],"author":[{"embeddable":true,"href":"https:\/\/seniorendomizil-rak.de\/Seniorendomizil\/wp-json\/wp\/v2\/users\/1"}],"replies":[{"embeddable":true,"href":"https:\/\/seniorendomizil-rak.de\/Seniorendomizil\/wp-json\/wp\/v2\/comments?post=325"}],"version-history":[{"count":12,"href":"https:\/\/seniorendomizil-rak.de\/Seniorendomizil\/wp-json\/wp\/v2\/pages\/325\/revisions"}],"predecessor-version":[{"id":545,"href":"https:\/\/seniorendomizil-rak.de\/Seniorendomizil\/wp-json\/wp\/v2\/pages\/325\/revisions\/545"}],"wp:attachment":[{"href":"https:\/\/seniorendomizil-rak.de\/Seniorendomizil\/wp-json\/wp\/v2\/media?parent=325"}],"curies":[{"name":"wp","href":"https:\/\/api.w.org\/{rel}","templated":true}]}}