{"id":29,"date":"2017-07-24T16:21:06","date_gmt":"2017-07-24T14:21:06","guid":{"rendered":"http:\/\/vorschau.seniorendomizil-rak.de\/?page_id=29"},"modified":"2018-05-17T15:07:16","modified_gmt":"2018-05-17T13:07:16","slug":"pflege-und-mehr","status":"publish","type":"page","link":"https:\/\/seniorendomizil-rak.de\/Seniorendomizil\/pflege-und-mehr\/","title":{"rendered":"Pflege und mehr"},"content":{"rendered":"<p><strong>Ziel unserer Arbeit ist, es den Menschen in unserer Einrichtung ein zu Hause zu schaffen und ihnen die bestm\u00f6gliche Pflege und soziale Betreuung zu bieten.<\/strong><\/p>\n<p>Wir bieten Ihnen neben der vollstation\u00e4ren Pflege:<\/p>\n<ul>\n<li>Kurzzeitpflege<\/li>\n<li>Probewohnen<\/li>\n<li>gesch\u00fctzer Wohnbereich f\u00fcr Demenzkranke<\/li>\n<li>zus\u00e4tzliche Betreuungsleistung f\u00fcr Bewohner mit eingeschr\u00e4nkter Alltagskompetenz gem. \u00a7 43b SGB XI<\/li>\n<\/ul>\n<p><a href=\"https:\/\/seniorendomizil-rak.de\/wp-content\/uploads\/F\u00e4higkeiten-erhalten-und-f\u00f6rdern.jpg\"><img loading=\"lazy\" class=\"alignleft wp-image-246 size-medium\" src=\"https:\/\/seniorendomizil-rak.de\/wp-content\/uploads\/F\u00e4higkeiten-erhalten-und-f\u00f6rdern-450x300.jpg\" alt=\"\" width=\"450\" height=\"300\" srcset=\"https:\/\/seniorendomizil-rak.de\/wp-content\/uploads\/F\u00e4higkeiten-erhalten-und-f\u00f6rdern-450x300.jpg 450w, https:\/\/seniorendomizil-rak.de\/wp-content\/uploads\/F\u00e4higkeiten-erhalten-und-f\u00f6rdern-768x512.jpg 768w, https:\/\/seniorendomizil-rak.de\/wp-content\/uploads\/F\u00e4higkeiten-erhalten-und-f\u00f6rdern-405x270.jpg 405w, https:\/\/seniorendomizil-rak.de\/wp-content\/uploads\/F\u00e4higkeiten-erhalten-und-f\u00f6rdern.jpg 800w\" sizes=\"(max-width: 450px) 100vw, 450px\" \/><\/a> <a href=\"https:\/\/vorschau.seniorendomizil-rak.de\/wp-content\/uploads\/Manicure-Service.jpg\"><img loading=\"lazy\" class=\"alignleft wp-image-247 size-medium\" src=\"https:\/\/vorschau.seniorendomizil-rak.de\/wp-content\/uploads\/Manicure-Service-450x300.jpg\" alt=\"\" width=\"450\" height=\"300\" \/><\/a> <a href=\"https:\/\/seniorendomizil-rak.de\/wp-content\/uploads\/Mobilisation.jpg\"><img loading=\"lazy\" class=\"alignleft wp-image-248 size-medium\" src=\"https:\/\/seniorendomizil-rak.de\/wp-content\/uploads\/Mobilisation-450x300.jpg\" alt=\"\" width=\"450\" height=\"300\" srcset=\"https:\/\/seniorendomizil-rak.de\/wp-content\/uploads\/Mobilisation-450x300.jpg 450w, https:\/\/seniorendomizil-rak.de\/wp-content\/uploads\/Mobilisation-768x512.jpg 768w, https:\/\/seniorendomizil-rak.de\/wp-content\/uploads\/Mobilisation-405x270.jpg 405w, https:\/\/seniorendomizil-rak.de\/wp-content\/uploads\/Mobilisation.jpg 800w\" sizes=\"(max-width: 450px) 100vw, 450px\" \/><\/a> <a href=\"https:\/\/seniorendomizil-rak.de\/wp-content\/uploads\/Pflege-24-Stunden-am-TAg.jpg\"><img loading=\"lazy\" class=\"alignleft wp-image-249 size-medium\" src=\"https:\/\/seniorendomizil-rak.de\/wp-content\/uploads\/Pflege-24-Stunden-am-TAg-450x300.jpg\" alt=\"\" width=\"450\" height=\"300\" srcset=\"https:\/\/seniorendomizil-rak.de\/wp-content\/uploads\/Pflege-24-Stunden-am-TAg-450x300.jpg 450w, https:\/\/seniorendomizil-rak.de\/wp-content\/uploads\/Pflege-24-Stunden-am-TAg-768x512.jpg 768w, https:\/\/seniorendomizil-rak.de\/wp-content\/uploads\/Pflege-24-Stunden-am-TAg-405x270.jpg 405w, https:\/\/seniorendomizil-rak.de\/wp-content\/uploads\/Pflege-24-Stunden-am-TAg.jpg 800w\" sizes=\"(max-width: 450px) 100vw, 450px\" \/><\/a><\/p>\n","protected":false},"excerpt":{"rendered":"<p>Ziel unserer Arbeit ist, es den Menschen in unserer Einrichtung ein zu Hause zu schaffen und ihnen die bestm\u00f6gliche Pflege und soziale Betreuung zu bieten. Wir bieten Ihnen neben der vollstation\u00e4ren Pflege: Kurzzeitpflege Probewohnen gesch\u00fctzer Wohnbereich f\u00fcr Demenzkranke zus\u00e4tzliche Betreuungsleistung f\u00fcr Bewohner mit eingeschr\u00e4nkter Alltagskompetenz gem. \u00a7 43b SGB XI<\/p>\n","protected":false},"author":1,"featured_media":0,"parent":0,"menu_order":0,"comment_status":"closed","ping_status":"closed","template":"","meta":[],"_links":{"self":[{"href":"https:\/\/seniorendomizil-rak.de\/Seniorendomizil\/wp-json\/wp\/v2\/pages\/29"}],"collection":[{"href":"https:\/\/seniorendomizil-rak.de\/Seniorendomizil\/wp-json\/wp\/v2\/pages"}],"about":[{"href":"https:\/\/seniorendomizil-rak.de\/Seniorendomizil\/wp-json\/wp\/v2\/types\/page"}],"author":[{"embeddable":true,"href":"https:\/\/seniorendomizil-rak.de\/Seniorendomizil\/wp-json\/wp\/v2\/users\/1"}],"replies":[{"embeddable":true,"href":"https:\/\/seniorendomizil-rak.de\/Seniorendomizil\/wp-json\/wp\/v2\/comments?post=29"}],"version-history":[{"count":10,"href":"https:\/\/seniorendomizil-rak.de\/Seniorendomizil\/wp-json\/wp\/v2\/pages\/29\/revisions"}],"predecessor-version":[{"id":616,"href":"https:\/\/seniorendomizil-rak.de\/Seniorendomizil\/wp-json\/wp\/v2\/pages\/29\/revisions\/616"}],"wp:attachment":[{"href":"https:\/\/seniorendomizil-rak.de\/Seniorendomizil\/wp-json\/wp\/v2\/media?parent=29"}],"curies":[{"name":"wp","href":"https:\/\/api.w.org\/{rel}","templated":true}]}}