{"id":281,"date":"2017-08-24T16:15:21","date_gmt":"2017-08-24T14:15:21","guid":{"rendered":"http:\/\/vorschau.seniorendomizil-rak.de\/?page_id=281"},"modified":"2017-10-16T12:30:54","modified_gmt":"2017-10-16T10:30:54","slug":"langzeitpflege","status":"publish","type":"page","link":"https:\/\/seniorendomizil-rak.de\/Seniorendomizil\/langzeitpflege\/","title":{"rendered":"Langzeitpflege"},"content":{"rendered":"<p>Unsere moderne und helle Einrichtung in gem\u00fctlichem, famili\u00e4rem Ambiente bietet bis zu 71 Seniorinnen und Senioren eine individuelle Pflege und liebevolle Betreuung. Die gro\u00dfz\u00fcgigen Einzel- und Zweibettzimmer mit eigenem behindertengerechten Badezimmer, in gehobener Ausstattung, geben viel Platz und Raum f\u00fcr Ihre pers\u00f6nliche Note.<\/p>\n<p>Erfahren Sie liebevolle, individuelle Pflege, die sich an Ihrer Biographie und Ihren Gewohnheiten orientiert. Der Pflegeplan ist darauf abgestimmt und ber\u00fccksichtigt Ihre W\u00fcnsche und Vorlieben.<\/p>\n<p>Moderne Wundbehandlung, sowie die Anwendung von Expertenstandarts erm\u00f6glichen eine professionelle Versorgung nach neuesten Erkenntnissen.<\/p>\n<p>Informationen zu unseren Preisen erhalten Sie <a href=\"https:\/\/seniorendomizil-rak.de\/vollstationaere-pflegekosten\/\">hier<\/a>.<\/p>\n<p><a href=\"https:\/\/seniorendomizil-rak.de\/wp-content\/uploads\/Bewohnerzimmer.jpg\"><img loading=\"lazy\" class=\"aligncenter wp-image-405 size-medium\" src=\"https:\/\/seniorendomizil-rak.de\/wp-content\/uploads\/Bewohnerzimmer-450x300.jpg\" alt=\"\" width=\"450\" height=\"300\" srcset=\"https:\/\/seniorendomizil-rak.de\/wp-content\/uploads\/Bewohnerzimmer-450x300.jpg 450w, https:\/\/seniorendomizil-rak.de\/wp-content\/uploads\/Bewohnerzimmer-768x512.jpg 768w, https:\/\/seniorendomizil-rak.de\/wp-content\/uploads\/Bewohnerzimmer-405x270.jpg 405w, https:\/\/seniorendomizil-rak.de\/wp-content\/uploads\/Bewohnerzimmer.jpg 800w\" sizes=\"(max-width: 450px) 100vw, 450px\" \/><\/a><\/p>\n","protected":false},"excerpt":{"rendered":"<p>Unsere moderne und helle Einrichtung in gem\u00fctlichem, famili\u00e4rem Ambiente bietet bis zu 71 Seniorinnen und Senioren eine individuelle Pflege und liebevolle Betreuung. Die gro\u00dfz\u00fcgigen Einzel- und Zweibettzimmer mit eigenem behindertengerechten Badezimmer, in gehobener Ausstattung, geben viel Platz und Raum f\u00fcr Ihre pers\u00f6nliche Note. Erfahren Sie liebevolle, individuelle Pflege, die sich an Ihrer Biographie und Ihren Gewohnheiten orientiert. Der Pflegeplan ist darauf abgestimmt und ber\u00fccksichtigt Ihre W\u00fcnsche und Vorlieben. Moderne Wundbehandlung, sowie die Anwendung von Expertenstandarts erm\u00f6glichen eine professionelle Versorgung nach&#8230;<\/p>\n<p class=\"read-more\"><a class=\"btn btn-default\" href=\"https:\/\/seniorendomizil-rak.de\/Seniorendomizil\/langzeitpflege\/\">Weiterlesen<span class=\"screen-reader-text\"> Weiterlesen<\/span><\/a><\/p>\n","protected":false},"author":1,"featured_media":0,"parent":0,"menu_order":0,"comment_status":"closed","ping_status":"closed","template":"","meta":[],"_links":{"self":[{"href":"https:\/\/seniorendomizil-rak.de\/Seniorendomizil\/wp-json\/wp\/v2\/pages\/281"}],"collection":[{"href":"https:\/\/seniorendomizil-rak.de\/Seniorendomizil\/wp-json\/wp\/v2\/pages"}],"about":[{"href":"https:\/\/seniorendomizil-rak.de\/Seniorendomizil\/wp-json\/wp\/v2\/types\/page"}],"author":[{"embeddable":true,"href":"https:\/\/seniorendomizil-rak.de\/Seniorendomizil\/wp-json\/wp\/v2\/users\/1"}],"replies":[{"embeddable":true,"href":"https:\/\/seniorendomizil-rak.de\/Seniorendomizil\/wp-json\/wp\/v2\/comments?post=281"}],"version-history":[{"count":9,"href":"https:\/\/seniorendomizil-rak.de\/Seniorendomizil\/wp-json\/wp\/v2\/pages\/281\/revisions"}],"predecessor-version":[{"id":578,"href":"https:\/\/seniorendomizil-rak.de\/Seniorendomizil\/wp-json\/wp\/v2\/pages\/281\/revisions\/578"}],"wp:attachment":[{"href":"https:\/\/seniorendomizil-rak.de\/Seniorendomizil\/wp-json\/wp\/v2\/media?parent=281"}],"curies":[{"name":"wp","href":"https:\/\/api.w.org\/{rel}","templated":true}]}}