{"id":26,"date":"2017-07-24T16:20:22","date_gmt":"2017-07-24T14:20:22","guid":{"rendered":"http:\/\/vorschau.seniorendomizil-rak.de\/?page_id=26"},"modified":"2019-05-21T11:22:04","modified_gmt":"2019-05-21T09:22:04","slug":"unser-haus","status":"publish","type":"page","link":"https:\/\/seniorendomizil-rak.de\/Seniorendomizil\/unser-haus\/","title":{"rendered":"Unser Haus"},"content":{"rendered":"<h2>Unsere Einrichtung<\/h2>\n<p>Unsere Nichtraucher-Einrichtung h\u00e4lt 61 Einzelzimmer und 5 Doppelzimmer verteilt auf Erdgeschoss, 1. Etage und Dachgeschoss f\u00fcr Sie bereit.<a href=\"https:\/\/seniorendomizil-rak.de\/wp-content\/uploads\/Zimmer-Panorama-1.jpg\"><img loading=\"lazy\" class=\"aligncenter wp-image-208 size-medium\" src=\"https:\/\/seniorendomizil-rak.de\/wp-content\/uploads\/Zimmer-Panorama-1-600x240.jpg\" alt=\"\" width=\"600\" height=\"240\" srcset=\"https:\/\/seniorendomizil-rak.de\/wp-content\/uploads\/Zimmer-Panorama-1-600x240.jpg 600w, https:\/\/seniorendomizil-rak.de\/wp-content\/uploads\/Zimmer-Panorama-1-768x307.jpg 768w, https:\/\/seniorendomizil-rak.de\/wp-content\/uploads\/Zimmer-Panorama-1-604x242.jpg 604w, https:\/\/seniorendomizil-rak.de\/wp-content\/uploads\/Zimmer-Panorama-1.jpg 950w\" sizes=\"(max-width: 600px) 100vw, 600px\" \/><\/a><\/p>\n<p><strong>Alle<\/strong> Zimmer haben eine gehobene Ausstattung und sind m\u00f6bliert mit:<\/p>\n<ul>\n<li>behindertengerechtem Pflegebett<\/li>\n<li>Evakuierungsmatte<\/li>\n<li>Nachttischchen<\/li>\n<li>Sideboard<\/li>\n<li>Kleiderschrank<\/li>\n<li>Tisch und Stuhl<\/li>\n<li>Telefon<\/li>\n<li>Badezimmer mit WC<\/li>\n<li>auf Wunsch stellen wir Ihnen einen K\u00fchlschrank bereit<\/li>\n<li>Internetanschluss (im Dachgeschoss)<\/li>\n<\/ul>\n<hr \/>\n<h1>Wohnbereiche<\/h1>\n<p>Jeder Wohnbereich verf\u00fcgt \u00fcber einen Aufenthaltsbereich mit TV, eine kleine K\u00fcche und ein modern ausgestattetes Pflegebad. Der Wohnbereich im Dachgeschoss verf\u00fcgt zudem \u00fcber unser neues Wellnessbad mit Sauna, Badewanne, Dusche und WC in dem Sie, unterst\u00fctzt durch Aromen und Massage, Entspannung, Erholung und Schmerzlinderung erfahren.<\/p>\n<p>&nbsp;<\/p>\n<p><a href=\"http:\/\/vorschau.seniorendomizil-rak.de\/wp-content\/uploads\/Aufenthaltsbereich-mit-TV.jpg\"><img loading=\"lazy\" class=\"size-medium wp-image-209 alignnone\" src=\"http:\/\/vorschau.seniorendomizil-rak.de\/wp-content\/uploads\/Aufenthaltsbereich-mit-TV-450x300.jpg\" alt=\"\" width=\"450\" height=\"300\" srcset=\"https:\/\/seniorendomizil-rak.de\/wp-content\/uploads\/Aufenthaltsbereich-mit-TV-450x300.jpg 450w, https:\/\/seniorendomizil-rak.de\/wp-content\/uploads\/Aufenthaltsbereich-mit-TV-768x512.jpg 768w, https:\/\/seniorendomizil-rak.de\/wp-content\/uploads\/Aufenthaltsbereich-mit-TV-405x270.jpg 405w, https:\/\/seniorendomizil-rak.de\/wp-content\/uploads\/Aufenthaltsbereich-mit-TV.jpg 800w\" sizes=\"(max-width: 450px) 100vw, 450px\" \/><\/a><a href=\"http:\/\/vorschau.seniorendomizil-rak.de\/wp-content\/uploads\/Rehweide-K\u00fcche.jpg\"><img loading=\"lazy\" class=\"alignnone wp-image-123 size-medium\" src=\"http:\/\/vorschau.seniorendomizil-rak.de\/wp-content\/uploads\/Rehweide-K\u00fcche-400x300.jpg\" alt=\"\" width=\"400\" height=\"300\" srcset=\"https:\/\/seniorendomizil-rak.de\/wp-content\/uploads\/Rehweide-K\u00fcche-400x300.jpg 400w, https:\/\/seniorendomizil-rak.de\/wp-content\/uploads\/Rehweide-K\u00fcche-360x270.jpg 360w, https:\/\/seniorendomizil-rak.de\/wp-content\/uploads\/Rehweide-K\u00fcche.jpg 600w\" sizes=\"(max-width: 400px) 100vw, 400px\" \/><\/a><a href=\"http:\/\/vorschau.seniorendomizil-rak.de\/wp-content\/uploads\/badx.jpg\"><img loading=\"lazy\" class=\"size-medium wp-image-122 alignnone\" src=\"http:\/\/vorschau.seniorendomizil-rak.de\/wp-content\/uploads\/badx-400x300.jpg\" alt=\"\" width=\"400\" height=\"300\" srcset=\"https:\/\/seniorendomizil-rak.de\/wp-content\/uploads\/badx-400x300.jpg 400w, https:\/\/seniorendomizil-rak.de\/wp-content\/uploads\/badx-360x270.jpg 360w, https:\/\/seniorendomizil-rak.de\/wp-content\/uploads\/badx.jpg 600w\" sizes=\"(max-width: 400px) 100vw, 400px\" \/><\/a><\/p>\n<hr \/>\n<h1>Cafeteria und Garten<\/h1>\n<p>Die Mahlzeiten werden in unserer gro\u00dfen Cafeteria mit Blick auf den Garten im Erdgeschoss eingenommen. Von dort gelangen Sie \u00fcber unsere Sonnenterasse in den Garten, der mit seinen B\u00e4nken, Springbrunnen und dem Bouleplatz zum Verweilen oder Spielen einl\u00e4dt. Seit Juni 2010 finden Sie dort auch ein Hochbeet, das im Rahmen einer Projektwoche in Zusammenarbeit mit den Sch\u00fclerInnen der\u00a0 Lernpartnerschaft entstanden ist.<\/p>\n<p>Da unser Garten gesch\u00fctzt ist, k\u00f6nnen ihn alle unsere Bewohner nutzen. Hier darf geraucht werden!<\/p>\n<p>&nbsp;<\/p>\n<p><a href=\"http:\/\/vorschau.seniorendomizil-rak.de\/wp-content\/uploads\/cafeteria2.jpg\"><img loading=\"lazy\" class=\"size-medium wp-image-211 alignnone\" src=\"http:\/\/vorschau.seniorendomizil-rak.de\/wp-content\/uploads\/cafeteria2-450x300.jpg\" alt=\"\" width=\"450\" height=\"300\" srcset=\"https:\/\/seniorendomizil-rak.de\/wp-content\/uploads\/cafeteria2-450x300.jpg 450w, https:\/\/seniorendomizil-rak.de\/wp-content\/uploads\/cafeteria2-768x512.jpg 768w, https:\/\/seniorendomizil-rak.de\/wp-content\/uploads\/cafeteria2-405x270.jpg 405w, https:\/\/seniorendomizil-rak.de\/wp-content\/uploads\/cafeteria2.jpg 800w\" sizes=\"(max-width: 450px) 100vw, 450px\" \/><\/a><a href=\"http:\/\/vorschau.seniorendomizil-rak.de\/wp-content\/uploads\/Cafeteria1.jpg\"><img loading=\"lazy\" class=\"size-medium wp-image-210 alignnone\" src=\"http:\/\/vorschau.seniorendomizil-rak.de\/wp-content\/uploads\/Cafeteria1-450x300.jpg\" alt=\"\" width=\"450\" height=\"300\" srcset=\"https:\/\/seniorendomizil-rak.de\/wp-content\/uploads\/Cafeteria1-450x300.jpg 450w, https:\/\/seniorendomizil-rak.de\/wp-content\/uploads\/Cafeteria1-768x512.jpg 768w, https:\/\/seniorendomizil-rak.de\/wp-content\/uploads\/Cafeteria1-405x270.jpg 405w, https:\/\/seniorendomizil-rak.de\/wp-content\/uploads\/Cafeteria1.jpg 800w\" sizes=\"(max-width: 450px) 100vw, 450px\" \/><\/a><a href=\"http:\/\/vorschau.seniorendomizil-rak.de\/wp-content\/uploads\/garten.jpg\"><img loading=\"lazy\" class=\"size-medium wp-image-151 alignnone\" src=\"http:\/\/vorschau.seniorendomizil-rak.de\/wp-content\/uploads\/garten-533x300.jpg\" alt=\"\" width=\"533\" height=\"300\" srcset=\"https:\/\/seniorendomizil-rak.de\/wp-content\/uploads\/garten-533x300.jpg 533w, https:\/\/seniorendomizil-rak.de\/wp-content\/uploads\/garten-768x432.jpg 768w, https:\/\/seniorendomizil-rak.de\/wp-content\/uploads\/garten-480x270.jpg 480w, https:\/\/seniorendomizil-rak.de\/wp-content\/uploads\/garten.jpg 800w\" sizes=\"(max-width: 533px) 100vw, 533px\" \/><\/a><\/p>\n<p>Im Juni 2014 entstand unser Sinnespfad in einer gemeinsamen Aktion der, seit 2008 bestehenden,\u00a0Lernpartnerschaft mit den Sch\u00fclerinnen und Sch\u00fclern der AKS Nideggen.<\/p>\n<p><a href=\"http:\/\/vorschau.seniorendomizil-rak.de\/wp-content\/uploads\/Sinnespfad2.jpg\"><img loading=\"lazy\" class=\"size-medium wp-image-212 aligncenter\" src=\"http:\/\/vorschau.seniorendomizil-rak.de\/wp-content\/uploads\/Sinnespfad2-450x300.jpg\" alt=\"\" width=\"450\" height=\"300\" srcset=\"https:\/\/seniorendomizil-rak.de\/wp-content\/uploads\/Sinnespfad2-450x300.jpg 450w, https:\/\/seniorendomizil-rak.de\/wp-content\/uploads\/Sinnespfad2-405x270.jpg 405w, https:\/\/seniorendomizil-rak.de\/wp-content\/uploads\/Sinnespfad2.jpg 600w\" sizes=\"(max-width: 450px) 100vw, 450px\" \/><\/a><\/p>\n","protected":false},"excerpt":{"rendered":"<p>Unsere Einrichtung Unsere Nichtraucher-Einrichtung h\u00e4lt 61 Einzelzimmer und 5 Doppelzimmer verteilt auf Erdgeschoss, 1. Etage und Dachgeschoss f\u00fcr Sie bereit. Alle Zimmer haben eine gehobene Ausstattung und sind m\u00f6bliert mit: behindertengerechtem Pflegebett Evakuierungsmatte Nachttischchen Sideboard Kleiderschrank Tisch und Stuhl Telefon Badezimmer mit WC auf Wunsch stellen wir Ihnen einen K\u00fchlschrank bereit Internetanschluss (im Dachgeschoss) Wohnbereiche Jeder Wohnbereich verf\u00fcgt \u00fcber einen Aufenthaltsbereich mit TV, eine kleine K\u00fcche und ein modern ausgestattetes Pflegebad. Der Wohnbereich im Dachgeschoss verf\u00fcgt zudem \u00fcber unser neues&#8230;<\/p>\n<p class=\"read-more\"><a class=\"btn btn-default\" href=\"https:\/\/seniorendomizil-rak.de\/Seniorendomizil\/unser-haus\/\">Weiterlesen<span class=\"screen-reader-text\"> Weiterlesen<\/span><\/a><\/p>\n","protected":false},"author":1,"featured_media":0,"parent":0,"menu_order":0,"comment_status":"closed","ping_status":"closed","template":"","meta":[],"_links":{"self":[{"href":"https:\/\/seniorendomizil-rak.de\/Seniorendomizil\/wp-json\/wp\/v2\/pages\/26"}],"collection":[{"href":"https:\/\/seniorendomizil-rak.de\/Seniorendomizil\/wp-json\/wp\/v2\/pages"}],"about":[{"href":"https:\/\/seniorendomizil-rak.de\/Seniorendomizil\/wp-json\/wp\/v2\/types\/page"}],"author":[{"embeddable":true,"href":"https:\/\/seniorendomizil-rak.de\/Seniorendomizil\/wp-json\/wp\/v2\/users\/1"}],"replies":[{"embeddable":true,"href":"https:\/\/seniorendomizil-rak.de\/Seniorendomizil\/wp-json\/wp\/v2\/comments?post=26"}],"version-history":[{"count":10,"href":"https:\/\/seniorendomizil-rak.de\/Seniorendomizil\/wp-json\/wp\/v2\/pages\/26\/revisions"}],"predecessor-version":[{"id":675,"href":"https:\/\/seniorendomizil-rak.de\/Seniorendomizil\/wp-json\/wp\/v2\/pages\/26\/revisions\/675"}],"wp:attachment":[{"href":"https:\/\/seniorendomizil-rak.de\/Seniorendomizil\/wp-json\/wp\/v2\/media?parent=26"}],"curies":[{"name":"wp","href":"https:\/\/api.w.org\/{rel}","templated":true}]}}