{"id":24,"date":"2017-07-24T16:20:05","date_gmt":"2017-07-24T14:20:05","guid":{"rendered":"http:\/\/vorschau.seniorendomizil-rak.de\/?page_id=24"},"modified":"2018-05-17T15:08:12","modified_gmt":"2018-05-17T13:08:12","slug":"umgebung-lageplan","status":"publish","type":"page","link":"https:\/\/seniorendomizil-rak.de\/Seniorendomizil\/umgebung-lageplan\/","title":{"rendered":"Umgebung &#8211; Lageplan"},"content":{"rendered":"<h2>Lageplan<\/h2>\n<p>Unser Senioren Domizil\u00a0liegt am Rande des wundersch\u00f6nen Nationalparks Eifel, ca. 2 km \u00f6stlich der historischen Stadt Nideggen in der kleinen Ortschaft Berg. Umgeben von Wiesen, Wald und Feldern l\u00e4dt dieser Ort zum Verweilen ein.<\/p>\n<p><img loading=\"lazy\" src=\"https:\/\/seniorendomizil-rak.de\/images\/stories\/Lageimage006.jpg\" alt=\"\" width=\"568\" height=\"470\" align=\"middle\" border=\"2\" \/><\/p>\n<p>Das ca. 10 km entfernte D\u00fcren ist bequem mit dem Bus zu erreichen, der in ca. 200 Metern Entfernung zum Haus h\u00e4lt.<\/p>\n<p>&nbsp;<\/p>\n<h2>Umgebung<\/h2>\n<p>Bilder der hauseigenen Parkanlage<\/p>\n<p><img loading=\"lazy\" class=\"size-medium wp-image-270 alignnone aligncenter\" src=\"https:\/\/vorschau.seniorendomizil-rak.de\/wp-content\/uploads\/Parkbank-450x300.jpg\" alt=\"\" width=\"450\" height=\"300\" srcset=\"https:\/\/seniorendomizil-rak.de\/wp-content\/uploads\/Parkbank-450x300.jpg 450w, https:\/\/seniorendomizil-rak.de\/wp-content\/uploads\/Parkbank-405x270.jpg 405w, https:\/\/seniorendomizil-rak.de\/wp-content\/uploads\/Parkbank.jpg 600w\" sizes=\"(max-width: 450px) 100vw, 450px\" \/><img loading=\"lazy\" class=\"size-medium wp-image-271 alignnone aligncenter\" src=\"https:\/\/vorschau.seniorendomizil-rak.de\/wp-content\/uploads\/Garten-Park-2-450x300.jpg\" alt=\"\" width=\"450\" height=\"300\" srcset=\"https:\/\/seniorendomizil-rak.de\/wp-content\/uploads\/Garten-Park-2-450x300.jpg 450w, https:\/\/seniorendomizil-rak.de\/wp-content\/uploads\/Garten-Park-2-405x270.jpg 405w, https:\/\/seniorendomizil-rak.de\/wp-content\/uploads\/Garten-Park-2.jpg 600w\" sizes=\"(max-width: 450px) 100vw, 450px\" \/><img loading=\"lazy\" class=\"size-medium wp-image-269 alignnone aligncenter\" src=\"https:\/\/vorschau.seniorendomizil-rak.de\/wp-content\/uploads\/Gartenlandschaft-450x300.jpg\" alt=\"\" width=\"450\" height=\"300\" srcset=\"https:\/\/seniorendomizil-rak.de\/wp-content\/uploads\/Gartenlandschaft-450x300.jpg 450w, https:\/\/seniorendomizil-rak.de\/wp-content\/uploads\/Gartenlandschaft-405x270.jpg 405w, https:\/\/seniorendomizil-rak.de\/wp-content\/uploads\/Gartenlandschaft.jpg 600w\" sizes=\"(max-width: 450px) 100vw, 450px\" \/><img loading=\"lazy\" class=\"size-medium wp-image-268 alignnone aligncenter\" src=\"https:\/\/vorschau.seniorendomizil-rak.de\/wp-content\/uploads\/Garten-Park-450x300.jpg\" alt=\"\" width=\"450\" height=\"300\" srcset=\"https:\/\/seniorendomizil-rak.de\/wp-content\/uploads\/Garten-Park-450x300.jpg 450w, https:\/\/seniorendomizil-rak.de\/wp-content\/uploads\/Garten-Park-405x270.jpg 405w, https:\/\/seniorendomizil-rak.de\/wp-content\/uploads\/Garten-Park.jpg 600w\" sizes=\"(max-width: 450px) 100vw, 450px\" \/><img loading=\"lazy\" class=\"size-medium wp-image-266 alignnone aligncenter\" src=\"https:\/\/vorschau.seniorendomizil-rak.de\/wp-content\/uploads\/Gartenterrasse-533x300.jpg\" alt=\"\" width=\"533\" height=\"300\" srcset=\"https:\/\/seniorendomizil-rak.de\/wp-content\/uploads\/Gartenterrasse-533x300.jpg 533w, https:\/\/seniorendomizil-rak.de\/wp-content\/uploads\/Gartenterrasse-479x270.jpg 479w, https:\/\/seniorendomizil-rak.de\/wp-content\/uploads\/Gartenterrasse.jpg 600w\" sizes=\"(max-width: 533px) 100vw, 533px\" \/><\/p>\n","protected":false},"excerpt":{"rendered":"<p>Lageplan Unser Senioren Domizil\u00a0liegt am Rande des wundersch\u00f6nen Nationalparks Eifel, ca. 2 km \u00f6stlich der historischen Stadt Nideggen in der kleinen Ortschaft Berg. Umgeben von Wiesen, Wald und Feldern l\u00e4dt dieser Ort zum Verweilen ein. Das ca. 10 km entfernte D\u00fcren ist bequem mit dem Bus zu erreichen, der in ca. 200 Metern Entfernung zum Haus h\u00e4lt. &nbsp; Umgebung Bilder der hauseigenen Parkanlage<\/p>\n","protected":false},"author":1,"featured_media":0,"parent":0,"menu_order":0,"comment_status":"closed","ping_status":"closed","template":"","meta":[],"_links":{"self":[{"href":"https:\/\/seniorendomizil-rak.de\/Seniorendomizil\/wp-json\/wp\/v2\/pages\/24"}],"collection":[{"href":"https:\/\/seniorendomizil-rak.de\/Seniorendomizil\/wp-json\/wp\/v2\/pages"}],"about":[{"href":"https:\/\/seniorendomizil-rak.de\/Seniorendomizil\/wp-json\/wp\/v2\/types\/page"}],"author":[{"embeddable":true,"href":"https:\/\/seniorendomizil-rak.de\/Seniorendomizil\/wp-json\/wp\/v2\/users\/1"}],"replies":[{"embeddable":true,"href":"https:\/\/seniorendomizil-rak.de\/Seniorendomizil\/wp-json\/wp\/v2\/comments?post=24"}],"version-history":[{"count":5,"href":"https:\/\/seniorendomizil-rak.de\/Seniorendomizil\/wp-json\/wp\/v2\/pages\/24\/revisions"}],"predecessor-version":[{"id":617,"href":"https:\/\/seniorendomizil-rak.de\/Seniorendomizil\/wp-json\/wp\/v2\/pages\/24\/revisions\/617"}],"wp:attachment":[{"href":"https:\/\/seniorendomizil-rak.de\/Seniorendomizil\/wp-json\/wp\/v2\/media?parent=24"}],"curies":[{"name":"wp","href":"https:\/\/api.w.org\/{rel}","templated":true}]}}