{"id":20,"date":"2017-07-24T16:19:20","date_gmt":"2017-07-24T14:19:20","guid":{"rendered":"http:\/\/vorschau.seniorendomizil-rak.de\/?page_id=20"},"modified":"2017-10-12T15:39:46","modified_gmt":"2017-10-12T13:39:46","slug":"rehweide","status":"publish","type":"page","link":"https:\/\/seniorendomizil-rak.de\/Seniorendomizil\/rehweide\/","title":{"rendered":"Rehweide"},"content":{"rendered":"<h2>Die Rehweide<\/h2>\n<p><a href=\"https:\/\/seniorendomizil-rak.de\/wp-content\/uploads\/Rehweide-K\u00fcche.jpg\"><img loading=\"lazy\" class=\"alignleft wp-image-123 size-medium\" src=\"https:\/\/seniorendomizil-rak.de\/wp-content\/uploads\/Rehweide-K\u00fcche-400x300.jpg\" alt=\"\" width=\"400\" height=\"300\" srcset=\"https:\/\/seniorendomizil-rak.de\/wp-content\/uploads\/Rehweide-K\u00fcche-400x300.jpg 400w, https:\/\/seniorendomizil-rak.de\/wp-content\/uploads\/Rehweide-K\u00fcche-360x270.jpg 360w, https:\/\/seniorendomizil-rak.de\/wp-content\/uploads\/Rehweide-K\u00fcche.jpg 600w\" sizes=\"(max-width: 400px) 100vw, 400px\" \/><\/a>Im ausgebauten Dachgeschoss finden Sie unseren Wohnbereich \u201eRehweide\u201c.<br \/>\nHier leben in 3 Doppelzimmern und 9 Einzelzimmern insgesamt 15 Bewohner in einer sog. Hausgemeinschaft zusammen.<\/p>\n<p>Der zentrale Punkt ist unsere Wohn-K\u00fcche, in der man sich trifft um gemeinsam hauswirtschaftliche Aufgaben wie die Zubereitung von Nachspeisen, Salaten, Kuchen, Abendessen sowie Fr\u00fchst\u00fcck zu erledigen. Es steht trotzdem jedem Bewohner frei, seine Mahlzeiten in der Cafeteria einzunehmen.<\/p>\n<p>Einfache T\u00e4tigkeiten, wie Handt\u00fccher falten oder Staub wischen und Betten machen werden hier genauso gef\u00f6rdert, wie kl\u00f6nen, spielen, lachen und singen. Unterst\u00fctzt werden unsere Senioren dabei durch unser Hauswirtschafts- und Pflegepersonal.<\/p>\n<hr \/>\n<p>&nbsp;<\/p>\n<p><a href=\"https:\/\/seniorendomizil-rak.de\/wp-content\/uploads\/badx.jpg\"><img loading=\"lazy\" class=\"alignright wp-image-122 size-medium\" src=\"https:\/\/seniorendomizil-rak.de\/wp-content\/uploads\/badx-400x300.jpg\" alt=\"\" width=\"400\" height=\"300\" srcset=\"https:\/\/seniorendomizil-rak.de\/wp-content\/uploads\/badx-400x300.jpg 400w, https:\/\/seniorendomizil-rak.de\/wp-content\/uploads\/badx-360x270.jpg 360w, https:\/\/seniorendomizil-rak.de\/wp-content\/uploads\/badx.jpg 600w\" sizes=\"(max-width: 400px) 100vw, 400px\" \/><\/a><\/p>\n<p>In unserem wundersch\u00f6nen Wellness-Badezimmer mit Sauna haben die Senioren die M\u00f6glichkeit zu entspannen und die Seele baumeln zu lassen.<\/p>\n<p>Auf Wunsch bieten wir Aromatherapie und hom\u00f6opathische Unterst\u00fctzung an.<\/p>\n<hr \/>\n<p>&nbsp;<\/p>\n<p><a href=\"https:\/\/seniorendomizil-rak.de\/wp-content\/uploads\/saunax.jpg\"><img loading=\"lazy\" class=\"alignleft wp-image-126 size-medium\" src=\"https:\/\/seniorendomizil-rak.de\/wp-content\/uploads\/saunax-400x300.jpg\" alt=\"\" width=\"400\" height=\"300\" srcset=\"https:\/\/seniorendomizil-rak.de\/wp-content\/uploads\/saunax-400x300.jpg 400w, https:\/\/seniorendomizil-rak.de\/wp-content\/uploads\/saunax-360x270.jpg 360w, https:\/\/seniorendomizil-rak.de\/wp-content\/uploads\/saunax.jpg 600w\" sizes=\"(max-width: 400px) 100vw, 400px\" \/><\/a>Das Hausgemeinschaftsmodell f\u00f6rdert durch eine gezielte Tagesstrukturierung die Motivation und Lebensfreude der Bewohner, da der Tagesablauf nicht durch die Pflege bestimmt wird und die Senioren selber aktiv sein k\u00f6nnen.<\/p>\n<p>&nbsp;<\/p>\n<p>Diejenigen, die selbst nicht mehr so mobil sind, erhalten dennoch Anregung durch zusehen, h\u00f6ren, riechen und den normalen Alltag erleben.<\/p>\n<p>&nbsp;<\/p>\n","protected":false},"excerpt":{"rendered":"<p>Die Rehweide Im ausgebauten Dachgeschoss finden Sie unseren Wohnbereich \u201eRehweide\u201c. Hier leben in 3 Doppelzimmern und 9 Einzelzimmern insgesamt 15 Bewohner in einer sog. Hausgemeinschaft zusammen. Der zentrale Punkt ist unsere Wohn-K\u00fcche, in der man sich trifft um gemeinsam hauswirtschaftliche Aufgaben wie die Zubereitung von Nachspeisen, Salaten, Kuchen, Abendessen sowie Fr\u00fchst\u00fcck zu erledigen. Es steht trotzdem jedem Bewohner frei, seine Mahlzeiten in der Cafeteria einzunehmen. Einfache T\u00e4tigkeiten, wie Handt\u00fccher falten oder Staub wischen und Betten machen werden hier genauso gef\u00f6rdert,&#8230;<\/p>\n<p class=\"read-more\"><a class=\"btn btn-default\" href=\"https:\/\/seniorendomizil-rak.de\/Seniorendomizil\/rehweide\/\">Weiterlesen<span class=\"screen-reader-text\"> Weiterlesen<\/span><\/a><\/p>\n","protected":false},"author":1,"featured_media":0,"parent":0,"menu_order":0,"comment_status":"closed","ping_status":"closed","template":"","meta":[],"_links":{"self":[{"href":"https:\/\/seniorendomizil-rak.de\/Seniorendomizil\/wp-json\/wp\/v2\/pages\/20"}],"collection":[{"href":"https:\/\/seniorendomizil-rak.de\/Seniorendomizil\/wp-json\/wp\/v2\/pages"}],"about":[{"href":"https:\/\/seniorendomizil-rak.de\/Seniorendomizil\/wp-json\/wp\/v2\/types\/page"}],"author":[{"embeddable":true,"href":"https:\/\/seniorendomizil-rak.de\/Seniorendomizil\/wp-json\/wp\/v2\/users\/1"}],"replies":[{"embeddable":true,"href":"https:\/\/seniorendomizil-rak.de\/Seniorendomizil\/wp-json\/wp\/v2\/comments?post=20"}],"version-history":[{"count":50,"href":"https:\/\/seniorendomizil-rak.de\/Seniorendomizil\/wp-json\/wp\/v2\/pages\/20\/revisions"}],"predecessor-version":[{"id":556,"href":"https:\/\/seniorendomizil-rak.de\/Seniorendomizil\/wp-json\/wp\/v2\/pages\/20\/revisions\/556"}],"wp:attachment":[{"href":"https:\/\/seniorendomizil-rak.de\/Seniorendomizil\/wp-json\/wp\/v2\/media?parent=20"}],"curies":[{"name":"wp","href":"https:\/\/api.w.org\/{rel}","templated":true}]}}