{"id":10,"date":"2017-07-24T16:17:35","date_gmt":"2017-07-24T14:17:35","guid":{"rendered":"http:\/\/vorschau.seniorendomizil-rak.de\/?page_id=10"},"modified":"2017-10-12T15:35:20","modified_gmt":"2017-10-12T13:35:20","slug":"kaefernest","status":"publish","type":"page","link":"https:\/\/seniorendomizil-rak.de\/Seniorendomizil\/kaefernest\/","title":{"rendered":"K\u00e4fernest"},"content":{"rendered":"<h2>Das K\u00e4fernest<\/h2>\n<p>Direkt im Erdgeschoss finden Sie unseren beh\u00fctenden Wohnbereich \u201e K\u00e4fernest\u201c.<\/p>\n<p><a href=\"https:\/\/seniorendomizil-rak.de\/wp-content\/uploads\/snoozeln.jpg\"><img loading=\"lazy\" class=\"alignleft wp-image-152 size-medium\" src=\"https:\/\/seniorendomizil-rak.de\/wp-content\/uploads\/snoozeln-400x300.jpg\" alt=\"\" width=\"400\" height=\"300\" srcset=\"https:\/\/seniorendomizil-rak.de\/wp-content\/uploads\/snoozeln-400x300.jpg 400w, https:\/\/seniorendomizil-rak.de\/wp-content\/uploads\/snoozeln-360x270.jpg 360w, https:\/\/seniorendomizil-rak.de\/wp-content\/uploads\/snoozeln.jpg 600w\" sizes=\"(max-width: 400px) 100vw, 400px\" \/><\/a>F\u00fcr unsere dementiell erkrankten Bewohner wurde hier ein besch\u00fctzter Bereich geschaffen, in dem sie sich gefahrlos aufhalten und leben k\u00f6nnen. Sie werden speziell gef\u00f6rdert durch unser Betreuungspersonal und angeregt ihre noch vorhandenen F\u00e4higkeiten einzusetzen.<\/p>\n<p>&nbsp;<\/p>\n<p><a href=\"https:\/\/seniorendomizil-rak.de\/wp-content\/uploads\/garten.jpg\"><img loading=\"lazy\" class=\"aligncenter wp-image-151 size-medium\" src=\"https:\/\/seniorendomizil-rak.de\/wp-content\/uploads\/garten-533x300.jpg\" alt=\"\" width=\"533\" height=\"300\" srcset=\"https:\/\/seniorendomizil-rak.de\/wp-content\/uploads\/garten-533x300.jpg 533w, https:\/\/seniorendomizil-rak.de\/wp-content\/uploads\/garten-768x432.jpg 768w, https:\/\/seniorendomizil-rak.de\/wp-content\/uploads\/garten-480x270.jpg 480w, https:\/\/seniorendomizil-rak.de\/wp-content\/uploads\/garten.jpg 800w\" sizes=\"(max-width: 533px) 100vw, 533px\" \/><\/a><\/p>\n<p>Der weitl\u00e4ufige Garten eignet sich sehr gut f\u00fcr unsere Demenz-Patienten, da er ebenfalls gesch\u00fctzt ist, zum Verweilen einl\u00e4dt und die Sinne anregt.<\/p>\n","protected":false},"excerpt":{"rendered":"<p>Das K\u00e4fernest Direkt im Erdgeschoss finden Sie unseren beh\u00fctenden Wohnbereich \u201e K\u00e4fernest\u201c. F\u00fcr unsere dementiell erkrankten Bewohner wurde hier ein besch\u00fctzter Bereich geschaffen, in dem sie sich gefahrlos aufhalten und leben k\u00f6nnen. Sie werden speziell gef\u00f6rdert durch unser Betreuungspersonal und angeregt ihre noch vorhandenen F\u00e4higkeiten einzusetzen. &nbsp; Der weitl\u00e4ufige Garten eignet sich sehr gut f\u00fcr unsere Demenz-Patienten, da er ebenfalls gesch\u00fctzt ist, zum Verweilen einl\u00e4dt und die Sinne anregt.<\/p>\n","protected":false},"author":1,"featured_media":0,"parent":0,"menu_order":0,"comment_status":"closed","ping_status":"closed","template":"","meta":[],"_links":{"self":[{"href":"https:\/\/seniorendomizil-rak.de\/Seniorendomizil\/wp-json\/wp\/v2\/pages\/10"}],"collection":[{"href":"https:\/\/seniorendomizil-rak.de\/Seniorendomizil\/wp-json\/wp\/v2\/pages"}],"about":[{"href":"https:\/\/seniorendomizil-rak.de\/Seniorendomizil\/wp-json\/wp\/v2\/types\/page"}],"author":[{"embeddable":true,"href":"https:\/\/seniorendomizil-rak.de\/Seniorendomizil\/wp-json\/wp\/v2\/users\/1"}],"replies":[{"embeddable":true,"href":"https:\/\/seniorendomizil-rak.de\/Seniorendomizil\/wp-json\/wp\/v2\/comments?post=10"}],"version-history":[{"count":12,"href":"https:\/\/seniorendomizil-rak.de\/Seniorendomizil\/wp-json\/wp\/v2\/pages\/10\/revisions"}],"predecessor-version":[{"id":550,"href":"https:\/\/seniorendomizil-rak.de\/Seniorendomizil\/wp-json\/wp\/v2\/pages\/10\/revisions\/550"}],"wp:attachment":[{"href":"https:\/\/seniorendomizil-rak.de\/Seniorendomizil\/wp-json\/wp\/v2\/media?parent=10"}],"curies":[{"name":"wp","href":"https:\/\/api.w.org\/{rel}","templated":true}]}}